{"id":1293,"date":"2021-04-09T04:46:43","date_gmt":"2021-04-09T04:46:43","guid":{"rendered":"https:\/\/www.ahiberg.com\/?page_id=1293"},"modified":"2021-04-09T05:30:07","modified_gmt":"2021-04-09T05:30:07","slug":"references","status":"publish","type":"page","link":"https:\/\/www.ahiberg.com\/tr\/referanslar\/","title":{"rendered":"Referanslar"},"content":{"rendered":"<div style=\"height:25px\" aria-hidden=\"true\" class=\"wp-block-spacer\"><\/div>\n\n\n\n<h4 class=\"has-text-align-center block-paddings wp-block-heading\">Baz\u0131 Referanslar\u0131m\u0131z<\/h4>\n\n\n\n<p class=\"has-text-align-center block-paddings\" style=\"font-size:17px\">Baz\u0131 ar\u0131tma tesisi referans i\u015flerimiz a\u015fa\u011f\u0131daki gibidir, daha detayl\u0131 liste i\u00e7in bizlerle ileti\u015fim sa\u011flay\u0131n\u0131z.<\/p>\n\n\n\n<div class=\"wp-block-columns block-paddings is-layout-flex wp-container-core-columns-is-layout-9d6595d7 wp-block-columns-is-layout-flex\">\n<div class=\"wp-block-column cat3 is-layout-flow wp-block-column-is-layout-flow\">\n<h5 class=\"has-text-align-center wp-block-heading\">T\u00fcrk Trakt\u00f6r<\/h5>\n\n\n\n<h6 class=\"has-text-align-center has-black-color has-text-color wp-block-heading\">Sakarya<\/h6>\n\n\n\n<div class=\"wp-block-image is-style-rounded\"><figure class=\"aligncenter size-large is-resized\"><img loading=\"lazy\" decoding=\"async\" src=\"https:\/\/www.ahiberg.com\/wp-content\/uploads\/2021\/04\/advanced-icon.png\" alt=\"\" class=\"wp-image-1302\" width=\"54\" height=\"54\" srcset=\"https:\/\/www.ahiberg.com\/wp-content\/uploads\/2021\/04\/advanced-icon.png 200w, https:\/\/www.ahiberg.com\/wp-content\/uploads\/2021\/04\/advanced-icon-150x150.png 150w, https:\/\/www.ahiberg.com\/wp-content\/uploads\/2021\/04\/advanced-icon-12x12.png 12w, https:\/\/www.ahiberg.com\/wp-content\/uploads\/2021\/04\/advanced-icon-85x85.png 85w\" sizes=\"auto, (max-width: 54px) 100vw, 54px\" \/><\/figure><\/div>\n\n\n\n<p class=\"has-text-align-center\">\u00c7amur Susuzla\u015ft\u0131rma Sistemleri<\/p>\n<\/div>\n\n\n\n<div class=\"wp-block-column cat3 is-layout-flow wp-block-column-is-layout-flow\">\n<h5 class=\"has-text-align-center wp-block-heading\">Zlindra D.O.O.<\/h5>\n\n\n\n<h6 class=\"has-text-align-center has-black-color has-text-color wp-block-heading\">Slovenya<\/h6>\n\n\n\n<div class=\"wp-block-image\"><figure class=\"aligncenter size-large is-resized\"><img loading=\"lazy\" decoding=\"async\" src=\"https:\/\/www.ahiberg.com\/wp-content\/uploads\/2021\/04\/water-icon.png\" alt=\"\" class=\"wp-image-1307\" width=\"52\" height=\"52\" srcset=\"https:\/\/www.ahiberg.com\/wp-content\/uploads\/2021\/04\/water-icon.png 200w, https:\/\/www.ahiberg.com\/wp-content\/uploads\/2021\/04\/water-icon-150x150.png 150w, https:\/\/www.ahiberg.com\/wp-content\/uploads\/2021\/04\/water-icon-12x12.png 12w, https:\/\/www.ahiberg.com\/wp-content\/uploads\/2021\/04\/water-icon-85x85.png 85w\" sizes=\"auto, (max-width: 52px) 100vw, 52px\" \/><\/figure><\/div>\n\n\n\n<p class=\"has-text-align-center\">Filtre Pres Ekipman &amp; Makinesi<\/p>\n<\/div>\n\n\n\n<div class=\"wp-block-column cat3 is-layout-flow wp-block-column-is-layout-flow\">\n<h5 class=\"has-text-align-center wp-block-heading\">Jamjoom Marble<\/h5>\n\n\n\n<h6 class=\"has-text-align-center has-black-color has-text-color wp-block-heading\">Arabistan<\/h6>\n\n\n\n<div class=\"wp-block-image\"><figure class=\"aligncenter size-large is-resized\"><img loading=\"lazy\" decoding=\"async\" src=\"https:\/\/www.ahiberg.com\/wp-content\/uploads\/2021\/04\/reclamation-icon.png\" alt=\"\" class=\"wp-image-1304\" width=\"53\" height=\"53\" srcset=\"https:\/\/www.ahiberg.com\/wp-content\/uploads\/2021\/04\/reclamation-icon.png 200w, https:\/\/www.ahiberg.com\/wp-content\/uploads\/2021\/04\/reclamation-icon-150x150.png 150w, https:\/\/www.ahiberg.com\/wp-content\/uploads\/2021\/04\/reclamation-icon-12x12.png 12w, https:\/\/www.ahiberg.com\/wp-content\/uploads\/2021\/04\/reclamation-icon-85x85.png 85w\" sizes=\"auto, (max-width: 53px) 100vw, 53px\" \/><\/figure><\/div>\n\n\n\n<p class=\"has-text-align-center\">&nbsp;At\u0131ksu Ar\u0131tma Tesisi Projeleri<\/p>\n<\/div>\n\n\n\n<div class=\"wp-block-column cat3 is-layout-flow wp-block-column-is-layout-flow\">\n<h5 class=\"has-text-align-center wp-block-heading\">Meydan Roadhouse<\/h5>\n\n\n\n<h6 class=\"has-text-align-center has-black-color has-text-color wp-block-heading\">Tekirda\u011f<\/h6>\n\n\n\n<div class=\"wp-block-image\"><figure class=\"aligncenter size-large is-resized\"><img loading=\"lazy\" decoding=\"async\" src=\"https:\/\/www.ahiberg.com\/wp-content\/uploads\/2021\/04\/treatment-icon.png\" alt=\"\" class=\"wp-image-1305\" width=\"55\" height=\"55\" srcset=\"https:\/\/www.ahiberg.com\/wp-content\/uploads\/2021\/04\/treatment-icon.png 200w, https:\/\/www.ahiberg.com\/wp-content\/uploads\/2021\/04\/treatment-icon-150x150.png 150w, https:\/\/www.ahiberg.com\/wp-content\/uploads\/2021\/04\/treatment-icon-12x12.png 12w, https:\/\/www.ahiberg.com\/wp-content\/uploads\/2021\/04\/treatment-icon-85x85.png 85w\" sizes=\"auto, (max-width: 55px) 100vw, 55px\" \/><\/figure><\/div>\n\n\n\n<p class=\"has-text-align-center\">At\u0131ksu Ar\u0131tma Tesisi Projeleri<\/p>\n<\/div>\n<\/div>\n\n\n\n<div class=\"wp-block-cover has-background-dim-80 has-background-dim has-parallax has-background-gradient my-full-width-container\" style=\"background-image:url(https:\/\/www.ahiberg.com\/wp-content\/uploads\/2021\/03\/about_ahiberg_2.jpg);min-height:350px;aspect-ratio:unset;\"><span aria-hidden=\"true\" class=\"wp-block-cover__gradient-background\" style=\"background:linear-gradient(83deg,rgb(16,71,85) 0%,rgb(7,45,54) 100%)\"><\/span><div class=\"wp-block-cover__inner-container is-layout-flow wp-block-cover-is-layout-flow\">\n<div style=\"height:8px\" aria-hidden=\"true\" class=\"wp-block-spacer\"><\/div>\n\n\n\n<div style=\"height:11px\" aria-hidden=\"true\" class=\"wp-block-spacer\"><\/div>\n\n\n\n<h2 class=\"has-text-align-center has-text-color wp-block-heading\" style=\"color:#8ce4fe\"><strong>Temiz Su-Hayat-D\u00f6ng\u00fcs\u00fc <\/strong><\/h2>\n\n\n\n<h4 class=\"has-text-align-center ic_yazi has-text-color wp-block-heading translation-block\" style=\"color:#eef7f9;font-size:17px\"><strong>Hacim veya a\u011f\u0131rl\u0131k<\/strong> ne olursa olsun, <strong>at\u0131ksu ar\u0131tma tesisinizin<\/strong> fizibilite \u00e7al\u0131\u015fmalar\u0131ndan son a\u015famas\u0131na kadar <strong>proje y\u00f6netimine<\/strong> e\u015flik ediyoruz. <strong>Ahiberg<\/strong>, su kirlili\u011fi sorunlar\u0131na \u00f6zg\u00fc '<strong>s\u00fcre\u00e7sel \u00e7\u00f6z\u00fcmler<\/strong>' uygulayarak; firmalar\u0131n, fabrikalar\u0131n veya kurumlar\u0131n at\u0131k su ar\u0131tma sistemlerine sahip olmalar\u0131na ve bunlar\u0131 y\u00fcr\u00fctmelerine, ayn\u0131 zamanda <strong>standartlara uyumlu<\/strong> ger\u00e7ek zamanl\u0131 geli\u015ftirme \u00e7izelgeleri olu\u015fturmalar\u0131na, izlemelerine ve sonunda olu\u015facak <strong>temiz su-hayat-d\u00f6ng\u00fcs\u00fcn\u00fc<\/strong> ya\u015famalar\u0131na olanak tan\u0131r.<\/h4>\n\n\n\n<h5 class=\"has-text-align-center has-text-color has-medium-font-size wp-block-heading\" style=\"color:#88e7ff\">\u0130malat\u00e7\u0131, distrib\u00fct\u00f6r, ya da m\u00fc\u015fteri misiniz? Bizimle ileti\u015fim kurabilirsiniz.<\/h5>\n\n\n\n<div class=\"wp-block-buttons is-content-justification-center is-layout-flex wp-block-buttons-is-layout-flex\">\n<div class=\"wp-block-button block-button is-style-fill\"><a class=\"wp-block-button__link has-white-color has-text-color has-background\" href=\"http:\/\/www.ahiberg.com\/contact\" style=\"border-radius:19px;background:linear-gradient(135deg,rgb(87,149,164) 52%,rgb(150,206,220) 100%)\" rel=\"ahiberg.com\/contact\"><strong>Bize Ula\u015f\u0131n<\/strong><\/a><\/div>\n<\/div>\n\n\n\n<div style=\"height:19px\" aria-hidden=\"true\" class=\"wp-block-spacer\"><\/div>\n<\/div><\/div>\n\n\n\n<div class=\"wp-block-group alignfull more-borders has-background\" style=\"background-color:#f9fdfd\"><div class=\"wp-block-group__inner-container is-layout-flow wp-block-group-is-layout-flow\">\n<h2 class=\"has-text-align-center section-title2 wp-block-heading\">\u0130lgili Sayfalar<\/h2>\n\n\n\n<p class=\"has-text-align-center translation-block\" style=\"font-size:17px\"><strong><a href=\"https:\/\/www.ahiberg.com\/tr\/ahiberg-hakkinda\/\" target=\"_self\">Hakk\u0131m\u0131zda<\/a><\/strong> sayfas\u0131 \u00fczerinden daha ayr\u0131nt\u0131l\u0131 bilgi edinebilirsiniz ya da bizimle <strong><a href=\"https:\/\/www.ahiberg.com\/tr\/iletisim\/\" target=\"_self\">\u0130leti\u015fim<\/a><\/strong> sayfas\u0131 \u00fczerinden irtibat kurabilirsiniz.<\/p>\n\n\n\n\n <div class=\"cat\">\n\n\t       \t\t<div class=\"cat1\">\t\t\t\t\t<div class=\"cat-icon\"><div class=\"cat-icon-wrap\">\n                                    \n                                    <a href=\"https:\/\/www.ahiberg.com\/tr\/ahiberg-hakkinda\/\" >\n\t\t\t<a class=\"post-thumbnail\" href=\"https:\/\/www.ahiberg.com\/tr\/ahiberg-hakkinda\/\" aria-hidden=\"true\" tabindex=\"-1\">\n\t\t\t\t<img loading=\"lazy\" decoding=\"async\" width=\"85\" height=\"85\" src=\"https:\/\/www.ahiberg.com\/wp-content\/uploads\/2022\/01\/ahiberg_watewater_treatment_equipment-85x85.jpeg\" class=\"attachment-y-z-square-thumbnail-ust size-y-z-square-thumbnail-ust wp-post-image\" alt=\"Ahiberg Hakk\u0131nda\" srcset=\"https:\/\/www.ahiberg.com\/wp-content\/uploads\/2022\/01\/ahiberg_watewater_treatment_equipment-85x85.jpeg 85w, https:\/\/www.ahiberg.com\/wp-content\/uploads\/2022\/01\/ahiberg_watewater_treatment_equipment-150x150.jpeg 150w, https:\/\/www.ahiberg.com\/wp-content\/uploads\/2022\/01\/ahiberg_watewater_treatment_equipment-450x450.jpeg 450w, https:\/\/www.ahiberg.com\/wp-content\/uploads\/2022\/01\/ahiberg_watewater_treatment_equipment-200x200.jpeg 200w\" sizes=\"auto, (max-width: 85px) 100vw, 85px\" \/>\t\t\t<\/a>\n\t\t\t<\/a>\n                                    \n                                    <\/div><\/div>\n\t\t\t\t\t\t\t\t<div class=\"cat2\">\n\t\t\t\t\t\t\t\t\t<h2><a href=\"https:\/\/www.ahiberg.com\/tr\/ahiberg-hakkinda\/\">Ahiberg Hakk\u0131nda<\/a><\/h2>\n\t\t\t\t\t\t\t\t\t<p>Ahiberg At\u0131k Su Ar\u0131tma, evsel ve end\u00fcstriyel at\u0131k su ar\u0131tma tesisleri kurulum ve ekipmanlar\u0131nda uzmanla\u015fm\u0131\u015f bir grup m\u00fchendis ve bilim insan\u0131 taraf\u0131ndan kurulmu\u015ftur. <\/p>\n                                    <div class=\"read-more1\">\n\t\t\t\t\t\t\t\t\t\t\t<a href=\"https:\/\/www.ahiberg.com\/tr\/ahiberg-hakkinda\/\" class=\"btn btn-primary\">Detaylar<\/a>\n\t\t\t\t\t\t\t\t\t\t<\/div><!-- .read-more -->\n\t\t\t\t\t\t\t\t<\/div>\n                            <\/div>    \n    \n          \t\t<div class=\"cat1\">\t\t\t\t\t<div class=\"cat-icon\"><div class=\"cat-icon-wrap\">\n                                    \n                                    <a href=\"https:\/\/www.ahiberg.com\/tr\/iletisim\/\" >\n\t\t\t<a class=\"post-thumbnail\" href=\"https:\/\/www.ahiberg.com\/tr\/iletisim\/\" aria-hidden=\"true\" tabindex=\"-1\">\n\t\t\t\t<img loading=\"lazy\" decoding=\"async\" width=\"85\" height=\"85\" src=\"https:\/\/www.ahiberg.com\/wp-content\/uploads\/2021\/03\/contact_us_2-85x85.jpg\" class=\"attachment-y-z-square-thumbnail-ust size-y-z-square-thumbnail-ust wp-post-image\" alt=\"\u0130leti\u015fim\" srcset=\"https:\/\/www.ahiberg.com\/wp-content\/uploads\/2021\/03\/contact_us_2-85x85.jpg 85w, https:\/\/www.ahiberg.com\/wp-content\/uploads\/2021\/03\/contact_us_2-150x150.jpg 150w, https:\/\/www.ahiberg.com\/wp-content\/uploads\/2021\/03\/contact_us_2-200x200.jpg 200w\" sizes=\"auto, (max-width: 85px) 100vw, 85px\" \/>\t\t\t<\/a>\n\t\t\t<\/a>\n                                    \n                                    <\/div><\/div>\n\t\t\t\t\t\t\t\t<div class=\"cat2\">\n\t\t\t\t\t\t\t\t\t<h2><a href=\"https:\/\/www.ahiberg.com\/tr\/iletisim\/\">\u0130leti\u015fim<\/a><\/h2>\n\t\t\t\t\t\t\t\t\t<p>Bizlere bu ileti\u015fim sayfas\u0131 arac\u0131l\u0131\u011f\u0131yla anl\u0131k g\u00f6nderim formu \u00fczerinden ya da ayr\u0131nt\u0131l\u0131 ileti\u015fim detaylar\u0131ndan ula\u015fabilirsiniz.<\/p>\n                                    <div class=\"read-more1\">\n\t\t\t\t\t\t\t\t\t\t\t<a href=\"https:\/\/www.ahiberg.com\/tr\/iletisim\/\" class=\"btn btn-primary\">Detaylar<\/a>\n\t\t\t\t\t\t\t\t\t\t<\/div><!-- .read-more -->\n\t\t\t\t\t\t\t\t<\/div>\n                            <\/div>    \n    \n    \t\t\t\t\t\t\t\n<\/div>\n\n<\/div><\/div>","protected":false},"excerpt":{"rendered":"<p>Baz\u0131 ar\u0131tma tesisi referans i\u015flerimiz a\u015fa\u011f\u0131daki gibidir, daha detayl\u0131 liste i\u00e7in bizlerle ileti\u015fim sa\u011flay\u0131n\u0131z.<\/p>","protected":false},"author":1,"featured_media":1294,"parent":0,"menu_order":0,"comment_status":"closed","ping_status":"closed","template":"full-width.php","meta":{"pgc_sgb_lightbox_settings":"","footnotes":""},"class_list":["post-1293","page","type-page","status-publish","has-post-thumbnail","hentry"],"yoast_head":"<!-- This site is optimized with the Yoast SEO plugin v26.7 - https:\/\/yoast.com\/wordpress\/plugins\/seo\/ -->\n<title>References | Ahiberg<\/title>\n<meta name=\"description\" content=\"Details of our sewage treatment plants are listed below you can contact us for more detailed list.\" \/>\n<meta name=\"robots\" content=\"index, follow, max-snippet:-1, max-image-preview:large, max-video-preview:-1\" \/>\n<link rel=\"canonical\" href=\"https:\/\/www.ahiberg.com\/tr\/references\/\" \/>\n<meta property=\"og:locale\" content=\"tr_TR\" \/>\n<meta property=\"og:type\" content=\"article\" \/>\n<meta property=\"og:title\" content=\"References | Ahiberg\" \/>\n<meta property=\"og:description\" content=\"Details of our sewage treatment plants are listed below you can contact us for more detailed list.\" \/>\n<meta property=\"og:url\" content=\"https:\/\/www.ahiberg.com\/tr\/references\/\" \/>\n<meta property=\"og:site_name\" content=\"Ahiberg\" \/>\n<meta property=\"article:modified_time\" content=\"2021-04-09T05:30:07+00:00\" \/>\n<meta property=\"og:image\" content=\"https:\/\/www.ahiberg.com\/wp-content\/uploads\/2021\/04\/90373e5fdc5343a7191e9e9372b8cd78.jpg\" \/>\n\t<meta property=\"og:image:width\" content=\"564\" \/>\n\t<meta property=\"og:image:height\" content=\"423\" \/>\n\t<meta property=\"og:image:type\" content=\"image\/jpeg\" \/>\n<meta name=\"twitter:card\" content=\"summary_large_image\" \/>\n<meta name=\"twitter:label1\" content=\"Tahmini okuma s\u00fcresi\" \/>\n\t<meta name=\"twitter:data1\" content=\"2 dakika\" \/>\n<script type=\"application\/ld+json\" class=\"yoast-schema-graph\">{\"@context\":\"https:\/\/schema.org\",\"@graph\":[{\"@type\":\"WebPage\",\"@id\":\"https:\/\/www.ahiberg.com\/references\/\",\"url\":\"https:\/\/www.ahiberg.com\/references\/\",\"name\":\"References | Ahiberg\",\"isPartOf\":{\"@id\":\"https:\/\/www.ahiberg.com\/#website\"},\"primaryImageOfPage\":{\"@id\":\"https:\/\/www.ahiberg.com\/references\/#primaryimage\"},\"image\":{\"@id\":\"https:\/\/www.ahiberg.com\/references\/#primaryimage\"},\"thumbnailUrl\":\"https:\/\/www.ahiberg.com\/wp-content\/uploads\/2021\/04\/90373e5fdc5343a7191e9e9372b8cd78.jpg\",\"datePublished\":\"2021-04-09T04:46:43+00:00\",\"dateModified\":\"2021-04-09T05:30:07+00:00\",\"description\":\"Details of our sewage treatment plants are listed below you can contact us for more detailed list.\",\"breadcrumb\":{\"@id\":\"https:\/\/www.ahiberg.com\/references\/#breadcrumb\"},\"inLanguage\":\"tr\",\"potentialAction\":[{\"@type\":\"ReadAction\",\"target\":[\"https:\/\/www.ahiberg.com\/references\/\"]}]},{\"@type\":\"ImageObject\",\"inLanguage\":\"tr\",\"@id\":\"https:\/\/www.ahiberg.com\/references\/#primaryimage\",\"url\":\"https:\/\/www.ahiberg.com\/wp-content\/uploads\/2021\/04\/90373e5fdc5343a7191e9e9372b8cd78.jpg\",\"contentUrl\":\"https:\/\/www.ahiberg.com\/wp-content\/uploads\/2021\/04\/90373e5fdc5343a7191e9e9372b8cd78.jpg\",\"width\":564,\"height\":423,\"caption\":\"DCIM101GOPRO\"},{\"@type\":\"BreadcrumbList\",\"@id\":\"https:\/\/www.ahiberg.com\/references\/#breadcrumb\",\"itemListElement\":[{\"@type\":\"ListItem\",\"position\":1,\"name\":\"Home\",\"item\":\"https:\/\/www.ahiberg.com\/\"},{\"@type\":\"ListItem\",\"position\":2,\"name\":\"References\"}]},{\"@type\":\"WebSite\",\"@id\":\"https:\/\/www.ahiberg.com\/#website\",\"url\":\"https:\/\/www.ahiberg.com\/\",\"name\":\"Ahiberg\",\"description\":\"Wastewater Treatment  Equipments\",\"publisher\":{\"@id\":\"https:\/\/www.ahiberg.com\/#organization\"},\"potentialAction\":[{\"@type\":\"SearchAction\",\"target\":{\"@type\":\"EntryPoint\",\"urlTemplate\":\"https:\/\/www.ahiberg.com\/?s={search_term_string}\"},\"query-input\":{\"@type\":\"PropertyValueSpecification\",\"valueRequired\":true,\"valueName\":\"search_term_string\"}}],\"inLanguage\":\"tr\"},{\"@type\":\"Organization\",\"@id\":\"https:\/\/www.ahiberg.com\/#organization\",\"name\":\"Ahiberg\",\"url\":\"https:\/\/www.ahiberg.com\/\",\"logo\":{\"@type\":\"ImageObject\",\"inLanguage\":\"tr\",\"@id\":\"https:\/\/www.ahiberg.com\/#\/schema\/logo\/image\/\",\"url\":\"https:\/\/www.ahiberg.com\/wp-content\/uploads\/2021\/03\/ahiberg_logo_latest_3.png\",\"contentUrl\":\"https:\/\/www.ahiberg.com\/wp-content\/uploads\/2021\/03\/ahiberg_logo_latest_3.png\",\"width\":180,\"height\":36,\"caption\":\"Ahiberg\"},\"image\":{\"@id\":\"https:\/\/www.ahiberg.com\/#\/schema\/logo\/image\/\"}}]}<\/script>\n<!-- \/ Yoast SEO plugin. -->","yoast_head_json":{"title":"Referanslar | Ahiberg","description":"Baz\u0131 ar\u0131tma tesisi referans i\u015flerimiz a\u015fa\u011f\u0131daki gibidir, daha detayl\u0131 liste i\u00e7in bizlerle ileti\u015fim sa\u011flay\u0131n\u0131z.","robots":{"index":"index","follow":"follow","max-snippet":"max-snippet:-1","max-image-preview":"max-image-preview:large","max-video-preview":"max-video-preview:-1"},"canonical":"https:\/\/www.ahiberg.com\/tr\/references\/","og_locale":"tr_TR","og_type":"article","og_title":"References | Ahiberg","og_description":"Details of our sewage treatment plants are listed below you can contact us for more detailed list.","og_url":"https:\/\/www.ahiberg.com\/tr\/references\/","og_site_name":"Ahiberg","article_modified_time":"2021-04-09T05:30:07+00:00","og_image":[{"width":564,"height":423,"url":"https:\/\/www.ahiberg.com\/wp-content\/uploads\/2021\/04\/90373e5fdc5343a7191e9e9372b8cd78.jpg","type":"image\/jpeg"}],"twitter_card":"summary_large_image","twitter_misc":{"Tahmini okuma s\u00fcresi":"2 dakika"},"schema":{"@context":"https:\/\/schema.org","@graph":[{"@type":"WebPage","@id":"https:\/\/www.ahiberg.com\/references\/","url":"https:\/\/www.ahiberg.com\/references\/","name":"Referanslar | Ahiberg","isPartOf":{"@id":"https:\/\/www.ahiberg.com\/#website"},"primaryImageOfPage":{"@id":"https:\/\/www.ahiberg.com\/references\/#primaryimage"},"image":{"@id":"https:\/\/www.ahiberg.com\/references\/#primaryimage"},"thumbnailUrl":"https:\/\/www.ahiberg.com\/wp-content\/uploads\/2021\/04\/90373e5fdc5343a7191e9e9372b8cd78.jpg","datePublished":"2021-04-09T04:46:43+00:00","dateModified":"2021-04-09T05:30:07+00:00","description":"Baz\u0131 ar\u0131tma tesisi referans i\u015flerimiz a\u015fa\u011f\u0131daki gibidir, daha detayl\u0131 liste i\u00e7in bizlerle ileti\u015fim sa\u011flay\u0131n\u0131z.","breadcrumb":{"@id":"https:\/\/www.ahiberg.com\/references\/#breadcrumb"},"inLanguage":"tr","potentialAction":[{"@type":"ReadAction","target":["https:\/\/www.ahiberg.com\/references\/"]}]},{"@type":"ImageObject","inLanguage":"tr","@id":"https:\/\/www.ahiberg.com\/references\/#primaryimage","url":"https:\/\/www.ahiberg.com\/wp-content\/uploads\/2021\/04\/90373e5fdc5343a7191e9e9372b8cd78.jpg","contentUrl":"https:\/\/www.ahiberg.com\/wp-content\/uploads\/2021\/04\/90373e5fdc5343a7191e9e9372b8cd78.jpg","width":564,"height":423,"caption":"DCIM101GOPRO"},{"@type":"BreadcrumbList","@id":"https:\/\/www.ahiberg.com\/references\/#breadcrumb","itemListElement":[{"@type":"ListItem","position":1,"name":"Home","item":"https:\/\/www.ahiberg.com\/"},{"@type":"ListItem","position":2,"name":"References"}]},{"@type":"WebSite","@id":"https:\/\/www.ahiberg.com\/#website","url":"https:\/\/www.ahiberg.com\/","name":"Ahiberg","description":"Wastewater Treatment  Equipments","publisher":{"@id":"https:\/\/www.ahiberg.com\/#organization"},"potentialAction":[{"@type":"SearchAction","target":{"@type":"EntryPoint","urlTemplate":"https:\/\/www.ahiberg.com\/?s={search_term_string}"},"query-input":{"@type":"PropertyValueSpecification","valueRequired":true,"valueName":"search_term_string"}}],"inLanguage":"tr"},{"@type":"Organization","@id":"https:\/\/www.ahiberg.com\/#organization","name":"Ahiberg","url":"https:\/\/www.ahiberg.com\/","logo":{"@type":"ImageObject","inLanguage":"tr","@id":"https:\/\/www.ahiberg.com\/#\/schema\/logo\/image\/","url":"https:\/\/www.ahiberg.com\/wp-content\/uploads\/2021\/03\/ahiberg_logo_latest_3.png","contentUrl":"https:\/\/www.ahiberg.com\/wp-content\/uploads\/2021\/03\/ahiberg_logo_latest_3.png","width":180,"height":36,"caption":"Ahiberg"},"image":{"@id":"https:\/\/www.ahiberg.com\/#\/schema\/logo\/image\/"}}]}},"_links":{"self":[{"href":"https:\/\/www.ahiberg.com\/tr\/wp-json\/wp\/v2\/pages\/1293","targetHints":{"allow":["GET"]}}],"collection":[{"href":"https:\/\/www.ahiberg.com\/tr\/wp-json\/wp\/v2\/pages"}],"about":[{"href":"https:\/\/www.ahiberg.com\/tr\/wp-json\/wp\/v2\/types\/page"}],"author":[{"embeddable":true,"href":"https:\/\/www.ahiberg.com\/tr\/wp-json\/wp\/v2\/users\/1"}],"replies":[{"embeddable":true,"href":"https:\/\/www.ahiberg.com\/tr\/wp-json\/wp\/v2\/comments?post=1293"}],"version-history":[{"count":2,"href":"https:\/\/www.ahiberg.com\/tr\/wp-json\/wp\/v2\/pages\/1293\/revisions"}],"predecessor-version":[{"id":1324,"href":"https:\/\/www.ahiberg.com\/tr\/wp-json\/wp\/v2\/pages\/1293\/revisions\/1324"}],"wp:featuredmedia":[{"embeddable":true,"href":"https:\/\/www.ahiberg.com\/tr\/wp-json\/wp\/v2\/media\/1294"}],"wp:attachment":[{"href":"https:\/\/www.ahiberg.com\/tr\/wp-json\/wp\/v2\/media?parent=1293"}],"curies":[{"name":"wp","href":"https:\/\/api.w.org\/{rel}","templated":true}]}}