{"id":210,"date":"2021-03-13T09:11:07","date_gmt":"2021-03-13T09:11:07","guid":{"rendered":"https:\/\/www.ahiberg.com\/?page_id=210"},"modified":"2021-04-10T16:05:17","modified_gmt":"2021-04-10T16:05:17","slug":"why-us","status":"publish","type":"page","link":"https:\/\/www.ahiberg.com\/tr\/neden-ahiberg\/","title":{"rendered":"Neden Biz"},"content":{"rendered":"<div style=\"height:25px\" aria-hidden=\"true\" class=\"wp-block-spacer\"><\/div>\n\n\n\n<h1 class=\"block-paddings wp-block-heading\">Politikalar\u0131m\u0131z, \u0130lkelerimiz, \u0130\u015f Anlay\u0131\u015f\u0131m\u0131z<\/h1>\n\n\n\n<p class=\"block-paddings\" style=\"font-size:17px\">G\u00fcvenilir i\u015f anlay\u0131\u015f\u0131n\u0131 yayg\u0131nla\u015ft\u0131rmay\u0131 ama\u00e7layan ilkelerimiz hukuka uygunluk, \u00e7evresel olma, teknik ve ticari sa\u011flam olmak \u00fczere \u00fc\u00e7 temel s\u00fctun \u00fczerine dayanmaktad\u0131r. Ayr\u0131ca bu anlay\u0131\u015f\u0131n sa\u011flanmas\u0131 i\u00e7in bu \u00fc\u00e7 bile\u015fenin h\u0131zl\u0131l\u0131k, eri\u015filebilirlik, sadakat ve g\u00fcvenlikle bir arada var olmas\u0131 ve birlikte i\u015flevsel yap\u0131da olmas\u0131 gerekir. <\/p>\n\n\n\n<p class=\"block-paddings\" style=\"font-size:17px\">Bizimle \u00e7al\u0131\u015fman\u0131n di\u011fer temel avantajlar\u0131, i\u015finizi b\u00fcy\u00fctme, pazarlara ve yan end\u00fcstrilere k\u00fcresel eri\u015fim kapasitesini art\u0131rma, B2B liderlikler, da\u011f\u0131t\u0131m a\u011f\u0131, \u00f6zel-kendine \u00f6zg\u00fc projeler geli\u015ftirebilme, end\u00fcstriyel etkinlikler, analitik ve raporlara eri\u015fim kolayl\u0131\u011f\u0131d\u0131r.<\/p>\n\n\n\n<div class=\"wp-block-columns block-paddings is-layout-flex wp-container-core-columns-is-layout-9d6595d7 wp-block-columns-is-layout-flex\">\n<div class=\"wp-block-column cat3 is-layout-flow wp-block-column-is-layout-flow\">\n<h3 class=\"has-text-align-center wp-block-heading\">H\u0131zl\u0131l\u0131k<\/h3>\n\n\n\n<div class=\"wp-block-image\"><figure class=\"aligncenter size-large\"><img loading=\"lazy\" decoding=\"async\" width=\"50\" height=\"50\" src=\"https:\/\/www.ahiberg.com\/wp-content\/uploads\/2021\/03\/iconmonstr-time-13-240.png\" alt=\"\" class=\"wp-image-248\"\/><\/figure><\/div>\n\n\n\n<p class=\"has-text-align-center\">Daha h\u0131zl\u0131 \u00e7\u00f6z\u00fcmler genellikle daha iyi sonu\u00e7 verir. Zaman\u0131nda ula\u015fabilmek i\u00e7in, nas\u0131l yap\u0131laca\u011f\u0131ndan \u00e7ok nedenlere odaklan\u0131yoruz.<\/p>\n<\/div>\n\n\n\n<div class=\"wp-block-column cat3 is-layout-flow wp-block-column-is-layout-flow\">\n<h3 class=\"has-text-align-center wp-block-heading\">Eri\u015filebilirlik<\/h3>\n\n\n\n<div class=\"wp-block-image\"><figure class=\"aligncenter size-large\"><img loading=\"lazy\" decoding=\"async\" width=\"50\" height=\"50\" src=\"https:\/\/www.ahiberg.com\/wp-content\/uploads\/2021\/03\/iconmonstr-log-out-4-240.png\" alt=\"\" class=\"wp-image-246\"\/><\/figure><\/div>\n\n\n\n<p class=\"has-text-align-center\">Bilhassa \u00f6zel tasar\u0131m \u00fcr\u00fcn ve projelerin daha ileri a\u015famalar\u0131nda eri\u015filebilir olmak firmam\u0131z\u0131n ana hedeflerinden biridir.  <\/p>\n<\/div>\n\n\n\n<div class=\"wp-block-column cat3 is-layout-flow wp-block-column-is-layout-flow\">\n<h3 class=\"has-text-align-center wp-block-heading\">Sadakat<\/h3>\n\n\n\n<div class=\"wp-block-image\"><figure class=\"aligncenter size-large\"><img loading=\"lazy\" decoding=\"async\" width=\"50\" height=\"50\" src=\"https:\/\/www.ahiberg.com\/wp-content\/uploads\/2021\/03\/iconmonstr-handshake-1-240.png\" alt=\"\" class=\"wp-image-249\"\/><\/figure><\/div>\n\n\n\n<p class=\"has-text-align-center\">&nbsp;Sadakat m\u00fc\u015fterilerimizin ve ortaklar\u0131m\u0131z\u0131n veya di\u011fer i\u015f vekt\u00f6rlerinin birlikte \u00e7al\u0131\u015fmas\u0131n\u0131 sa\u011flayan de\u011ferli ilkemizdir.<\/p>\n<\/div>\n\n\n\n<div class=\"wp-block-column cat3 is-layout-flow wp-block-column-is-layout-flow\">\n<h3 class=\"has-text-align-center wp-block-heading\">G\u00fcvenlik<\/h3>\n\n\n\n<div class=\"wp-block-image\"><figure class=\"aligncenter size-large\"><img loading=\"lazy\" decoding=\"async\" width=\"50\" height=\"50\" src=\"https:\/\/www.ahiberg.com\/wp-content\/uploads\/2021\/03\/cyber_security.png\" alt=\"\" class=\"wp-image-709\"\/><\/figure><\/div>\n\n\n\n<p class=\"has-text-align-center\">&nbsp;Teknoloji geli\u015ftik\u00e7e g\u00fcvenli sistemlerin \u00f6nemi ve i\u015f g\u00fcvenli\u011fi de \u00f6nem kazanmaktad\u0131r. Bunlar\u0131n hem siber hem de fiziksel olarak fark\u0131nday\u0131z.<\/p>\n<\/div>\n<\/div>\n\n\n\n<div class=\"wp-block-cover has-background-dim-80 has-background-dim has-parallax has-background-gradient my-full-width-container\" style=\"background-image:url(https:\/\/www.ahiberg.com\/wp-content\/uploads\/2021\/03\/about_ahiberg_2.jpg);min-height:350px;aspect-ratio:unset;\"><span aria-hidden=\"true\" class=\"wp-block-cover__gradient-background\" style=\"background:linear-gradient(83deg,rgb(16,71,85) 0%,rgb(7,45,54) 100%)\"><\/span><div class=\"wp-block-cover__inner-container is-layout-flow wp-block-cover-is-layout-flow\">\n<div style=\"height:8px\" aria-hidden=\"true\" class=\"wp-block-spacer\"><\/div>\n\n\n\n<div style=\"height:11px\" aria-hidden=\"true\" class=\"wp-block-spacer\"><\/div>\n\n\n\n<h2 class=\"has-text-align-center has-text-color wp-block-heading\" style=\"color:#8ce4fe\"><strong>Temiz Su-Hayat-D\u00f6ng\u00fcs\u00fc <\/strong><\/h2>\n\n\n\n<h4 class=\"has-text-align-center ic_yazi has-text-color wp-block-heading translation-block\" style=\"color:#eef7f9;font-size:17px\"><strong>Hacim veya a\u011f\u0131rl\u0131k<\/strong> ne olursa olsun, <strong>at\u0131ksu ar\u0131tma tesisinizin<\/strong> fizibilite \u00e7al\u0131\u015fmalar\u0131ndan son a\u015famas\u0131na kadar <strong>proje y\u00f6netimine<\/strong> e\u015flik ediyoruz. <strong>Ahiberg<\/strong>, su kirlili\u011fi sorunlar\u0131na \u00f6zg\u00fc '<strong>s\u00fcre\u00e7sel \u00e7\u00f6z\u00fcmler<\/strong>' uygulayarak; firmalar\u0131n, fabrikalar\u0131n veya kurumlar\u0131n at\u0131k su ar\u0131tma sistemlerine sahip olmalar\u0131na ve bunlar\u0131 y\u00fcr\u00fctmelerine, ayn\u0131 zamanda <strong>standartlara uyumlu<\/strong> ger\u00e7ek zamanl\u0131 geli\u015ftirme \u00e7izelgeleri olu\u015fturmalar\u0131na, izlemelerine ve sonunda olu\u015facak <strong>temiz su-hayat-d\u00f6ng\u00fcs\u00fcn\u00fc<\/strong> ya\u015famalar\u0131na olanak tan\u0131r.<\/h4>\n\n\n\n<h5 class=\"has-text-align-center has-text-color has-medium-font-size wp-block-heading\" style=\"color:#88e7ff\">\u0130malat\u00e7\u0131, distrib\u00fct\u00f6r, ya da m\u00fc\u015fteri misiniz? Bizimle ileti\u015fim kurabilirsiniz.<\/h5>\n\n\n\n<div class=\"wp-block-buttons is-content-justification-center is-layout-flex wp-block-buttons-is-layout-flex\">\n<div class=\"wp-block-button block-button is-style-fill\"><a class=\"wp-block-button__link has-white-color has-text-color has-background\" href=\"http:\/\/www.ahiberg.com\/contact\" style=\"border-radius:19px;background:linear-gradient(135deg,rgb(87,149,164) 52%,rgb(150,206,220) 100%)\" rel=\"ahiberg.com\/contact\"><strong>Bize Ula\u015f\u0131n<\/strong><\/a><\/div>\n<\/div>\n\n\n\n<div style=\"height:19px\" aria-hidden=\"true\" class=\"wp-block-spacer\"><\/div>\n<\/div><\/div>\n\n\n\n<div class=\"wp-block-group alignfull more-borders has-background\" style=\"background-color:#f9fdfd\"><div class=\"wp-block-group__inner-container is-layout-flow wp-block-group-is-layout-flow\">\n<h2 class=\"has-text-align-center section-title2 wp-block-heading\">\u0130lgili Sayfalar<\/h2>\n\n\n\n<p class=\"has-text-align-center translation-block\" style=\"font-size:17px\"><strong><a href=\"https:\/\/www.ahiberg.com\/tr\/ahiberg-hakkinda\/\" target=\"_self\">Hakk\u0131m\u0131zda<\/a><\/strong> sayfas\u0131 \u00fczerinden daha ayr\u0131nt\u0131l\u0131 bilgi edinebilirsiniz ya da  <strong><a href=\"https:\/\/www.ahiberg.com\/tr\/referanslar\/\" target=\"_self\">Referanslar<\/a><\/strong> sayfam\u0131z\u0131 inceleyerek bizimle <strong><a href=\"https:\/\/www.ahiberg.com\/tr\/iletisim\/\" target=\"_self\">\u0130leti\u015fim<\/a><\/strong> sayfas\u0131 \u00fczerinden irtibat kurabilirsiniz.<\/p>\n\n\n\n\n <div class=\"cat\">\n\n\t       \t\t<div class=\"cat1\">\t\t\t\t\t<div class=\"cat-icon\"><div class=\"cat-icon-wrap\">\n                                    \n                                    <a href=\"https:\/\/www.ahiberg.com\/tr\/ahiberg-hakkinda\/\" >\n\t\t\t<a class=\"post-thumbnail\" href=\"https:\/\/www.ahiberg.com\/tr\/ahiberg-hakkinda\/\" aria-hidden=\"true\" tabindex=\"-1\">\n\t\t\t\t<img loading=\"lazy\" decoding=\"async\" width=\"85\" height=\"85\" src=\"https:\/\/www.ahiberg.com\/wp-content\/uploads\/2022\/01\/ahiberg_watewater_treatment_equipment-85x85.jpeg\" class=\"attachment-y-z-square-thumbnail-ust size-y-z-square-thumbnail-ust wp-post-image\" alt=\"Ahiberg Hakk\u0131nda\" srcset=\"https:\/\/www.ahiberg.com\/wp-content\/uploads\/2022\/01\/ahiberg_watewater_treatment_equipment-85x85.jpeg 85w, https:\/\/www.ahiberg.com\/wp-content\/uploads\/2022\/01\/ahiberg_watewater_treatment_equipment-150x150.jpeg 150w, https:\/\/www.ahiberg.com\/wp-content\/uploads\/2022\/01\/ahiberg_watewater_treatment_equipment-450x450.jpeg 450w, https:\/\/www.ahiberg.com\/wp-content\/uploads\/2022\/01\/ahiberg_watewater_treatment_equipment-200x200.jpeg 200w\" sizes=\"auto, (max-width: 85px) 100vw, 85px\" \/>\t\t\t<\/a>\n\t\t\t<\/a>\n                                    \n                                    <\/div><\/div>\n\t\t\t\t\t\t\t\t<div class=\"cat2\">\n\t\t\t\t\t\t\t\t\t<h2><a href=\"https:\/\/www.ahiberg.com\/tr\/ahiberg-hakkinda\/\">Ahiberg Hakk\u0131nda<\/a><\/h2>\n\t\t\t\t\t\t\t\t\t<p>Ahiberg At\u0131k Su Ar\u0131tma, evsel ve end\u00fcstriyel at\u0131k su ar\u0131tma tesisleri kurulum ve ekipmanlar\u0131nda uzmanla\u015fm\u0131\u015f bir grup m\u00fchendis ve bilim insan\u0131 taraf\u0131ndan kurulmu\u015ftur. <\/p>\n                                    <div class=\"read-more1\">\n\t\t\t\t\t\t\t\t\t\t\t<a href=\"https:\/\/www.ahiberg.com\/tr\/ahiberg-hakkinda\/\" class=\"btn btn-primary\">Detaylar<\/a>\n\t\t\t\t\t\t\t\t\t\t<\/div><!-- .read-more -->\n\t\t\t\t\t\t\t\t<\/div>\n                            <\/div>    \n    \n          \t\t<div class=\"cat1\">\t\t\t\t\t<div class=\"cat-icon\"><div class=\"cat-icon-wrap\">\n                                    \n                                    <a href=\"https:\/\/www.ahiberg.com\/tr\/referanslar\/\" >\n\t\t\t<a class=\"post-thumbnail\" href=\"https:\/\/www.ahiberg.com\/tr\/referanslar\/\" aria-hidden=\"true\" tabindex=\"-1\">\n\t\t\t\t<img loading=\"lazy\" decoding=\"async\" width=\"85\" height=\"85\" src=\"https:\/\/www.ahiberg.com\/wp-content\/uploads\/2021\/04\/90373e5fdc5343a7191e9e9372b8cd78-85x85.jpg\" class=\"attachment-y-z-square-thumbnail-ust size-y-z-square-thumbnail-ust wp-post-image\" alt=\"Referanslar\" srcset=\"https:\/\/www.ahiberg.com\/wp-content\/uploads\/2021\/04\/90373e5fdc5343a7191e9e9372b8cd78-85x85.jpg 85w, https:\/\/www.ahiberg.com\/wp-content\/uploads\/2021\/04\/90373e5fdc5343a7191e9e9372b8cd78-150x150.jpg 150w, https:\/\/www.ahiberg.com\/wp-content\/uploads\/2021\/04\/90373e5fdc5343a7191e9e9372b8cd78-200x200.jpg 200w\" sizes=\"auto, (max-width: 85px) 100vw, 85px\" \/>\t\t\t<\/a>\n\t\t\t<\/a>\n                                    \n                                    <\/div><\/div>\n\t\t\t\t\t\t\t\t<div class=\"cat2\">\n\t\t\t\t\t\t\t\t\t<h2><a href=\"https:\/\/www.ahiberg.com\/tr\/referanslar\/\">Referanslar<\/a><\/h2>\n\t\t\t\t\t\t\t\t\t<p>Baz\u0131 ar\u0131tma tesisi referans i\u015flerimiz a\u015fa\u011f\u0131daki gibidir, daha detayl\u0131 liste i\u00e7in bizlerle ileti\u015fim sa\u011flay\u0131n\u0131z.<\/p>\n                                    <div class=\"read-more1\">\n\t\t\t\t\t\t\t\t\t\t\t<a href=\"https:\/\/www.ahiberg.com\/tr\/referanslar\/\" class=\"btn btn-primary\">Detaylar<\/a>\n\t\t\t\t\t\t\t\t\t\t<\/div><!-- .read-more -->\n\t\t\t\t\t\t\t\t<\/div>\n                            <\/div>    \n    \n    \t\t\t\t\t\t\t\n<\/div>\n\n<\/div><\/div>","protected":false},"excerpt":{"rendered":"<p>G\u00fcvenilir i\u015f anlay\u0131\u015f\u0131n\u0131 yayg\u0131nla\u015ft\u0131rmay\u0131 ama\u00e7layan ilkelerimiz hukuka uygunluk, \u00e7evresel olma, teknik ve ticari sa\u011flam olmak \u00fczere \u00fc\u00e7 temel s\u00fctun \u00fczerine dayanmaktad\u0131r.<\/p>","protected":false},"author":1,"featured_media":591,"parent":0,"menu_order":0,"comment_status":"closed","ping_status":"closed","template":"full-width.php","meta":{"pgc_sgb_lightbox_settings":"","footnotes":""},"class_list":["post-210","page","type-page","status-publish","has-post-thumbnail","hentry"],"yoast_head":"<!-- This site is optimized with the Yoast SEO plugin v26.7 - https:\/\/yoast.com\/wordpress\/plugins\/seo\/ -->\n<title>Why Us | Ahiberg<\/title>\n<meta name=\"robots\" content=\"index, follow, max-snippet:-1, max-image-preview:large, max-video-preview:-1\" \/>\n<link rel=\"canonical\" href=\"https:\/\/www.ahiberg.com\/tr\/why-us\/\" \/>\n<meta property=\"og:locale\" content=\"tr_TR\" \/>\n<meta property=\"og:type\" content=\"article\" \/>\n<meta property=\"og:title\" content=\"Why Us | Ahiberg\" \/>\n<meta property=\"og:description\" content=\"According to our principles, which are aiming for generalizing reliable business intelligence is based on three pillars namely being lawful, being environmental, and technical and commercial robustness.\" \/>\n<meta property=\"og:url\" content=\"https:\/\/www.ahiberg.com\/tr\/why-us\/\" \/>\n<meta property=\"og:site_name\" content=\"Ahiberg\" \/>\n<meta property=\"article:modified_time\" content=\"2021-04-10T16:05:17+00:00\" \/>\n<meta property=\"og:image\" content=\"https:\/\/www.ahiberg.com\/wp-content\/uploads\/2021\/03\/Biological-Wastewater-treatment_2.jpg\" \/>\n\t<meta property=\"og:image:width\" content=\"1200\" \/>\n\t<meta property=\"og:image:height\" content=\"392\" \/>\n\t<meta property=\"og:image:type\" content=\"image\/jpeg\" \/>\n<meta name=\"twitter:card\" content=\"summary_large_image\" \/>\n<meta name=\"twitter:label1\" content=\"Tahmini okuma s\u00fcresi\" \/>\n\t<meta name=\"twitter:data1\" content=\"3 dakika\" \/>\n<script type=\"application\/ld+json\" class=\"yoast-schema-graph\">{\"@context\":\"https:\/\/schema.org\",\"@graph\":[{\"@type\":\"WebPage\",\"@id\":\"https:\/\/www.ahiberg.com\/why-us\/\",\"url\":\"https:\/\/www.ahiberg.com\/why-us\/\",\"name\":\"Why Us | Ahiberg\",\"isPartOf\":{\"@id\":\"https:\/\/www.ahiberg.com\/#website\"},\"primaryImageOfPage\":{\"@id\":\"https:\/\/www.ahiberg.com\/why-us\/#primaryimage\"},\"image\":{\"@id\":\"https:\/\/www.ahiberg.com\/why-us\/#primaryimage\"},\"thumbnailUrl\":\"https:\/\/www.ahiberg.com\/wp-content\/uploads\/2021\/03\/Biological-Wastewater-treatment_2.jpg\",\"datePublished\":\"2021-03-13T09:11:07+00:00\",\"dateModified\":\"2021-04-10T16:05:17+00:00\",\"breadcrumb\":{\"@id\":\"https:\/\/www.ahiberg.com\/why-us\/#breadcrumb\"},\"inLanguage\":\"tr\",\"potentialAction\":[{\"@type\":\"ReadAction\",\"target\":[\"https:\/\/www.ahiberg.com\/why-us\/\"]}]},{\"@type\":\"ImageObject\",\"inLanguage\":\"tr\",\"@id\":\"https:\/\/www.ahiberg.com\/why-us\/#primaryimage\",\"url\":\"https:\/\/www.ahiberg.com\/wp-content\/uploads\/2021\/03\/Biological-Wastewater-treatment_2.jpg\",\"contentUrl\":\"https:\/\/www.ahiberg.com\/wp-content\/uploads\/2021\/03\/Biological-Wastewater-treatment_2.jpg\",\"width\":1200,\"height\":392},{\"@type\":\"BreadcrumbList\",\"@id\":\"https:\/\/www.ahiberg.com\/why-us\/#breadcrumb\",\"itemListElement\":[{\"@type\":\"ListItem\",\"position\":1,\"name\":\"Home\",\"item\":\"https:\/\/www.ahiberg.com\/\"},{\"@type\":\"ListItem\",\"position\":2,\"name\":\"Why Us\"}]},{\"@type\":\"WebSite\",\"@id\":\"https:\/\/www.ahiberg.com\/#website\",\"url\":\"https:\/\/www.ahiberg.com\/\",\"name\":\"Ahiberg\",\"description\":\"Wastewater Treatment  Equipments\",\"publisher\":{\"@id\":\"https:\/\/www.ahiberg.com\/#organization\"},\"potentialAction\":[{\"@type\":\"SearchAction\",\"target\":{\"@type\":\"EntryPoint\",\"urlTemplate\":\"https:\/\/www.ahiberg.com\/?s={search_term_string}\"},\"query-input\":{\"@type\":\"PropertyValueSpecification\",\"valueRequired\":true,\"valueName\":\"search_term_string\"}}],\"inLanguage\":\"tr\"},{\"@type\":\"Organization\",\"@id\":\"https:\/\/www.ahiberg.com\/#organization\",\"name\":\"Ahiberg\",\"url\":\"https:\/\/www.ahiberg.com\/\",\"logo\":{\"@type\":\"ImageObject\",\"inLanguage\":\"tr\",\"@id\":\"https:\/\/www.ahiberg.com\/#\/schema\/logo\/image\/\",\"url\":\"https:\/\/www.ahiberg.com\/wp-content\/uploads\/2021\/03\/ahiberg_logo_latest_3.png\",\"contentUrl\":\"https:\/\/www.ahiberg.com\/wp-content\/uploads\/2021\/03\/ahiberg_logo_latest_3.png\",\"width\":180,\"height\":36,\"caption\":\"Ahiberg\"},\"image\":{\"@id\":\"https:\/\/www.ahiberg.com\/#\/schema\/logo\/image\/\"}}]}<\/script>\n<!-- \/ Yoast SEO plugin. -->","yoast_head_json":{"title":"Neden Biz | Ahiberg","robots":{"index":"index","follow":"follow","max-snippet":"max-snippet:-1","max-image-preview":"max-image-preview:large","max-video-preview":"max-video-preview:-1"},"canonical":"https:\/\/www.ahiberg.com\/tr\/why-us\/","og_locale":"tr_TR","og_type":"article","og_title":"Why Us | Ahiberg","og_description":"According to our principles, which are aiming for generalizing reliable business intelligence is based on three pillars namely being lawful, being environmental, and technical and commercial robustness.","og_url":"https:\/\/www.ahiberg.com\/tr\/why-us\/","og_site_name":"Ahiberg","article_modified_time":"2021-04-10T16:05:17+00:00","og_image":[{"width":1200,"height":392,"url":"https:\/\/www.ahiberg.com\/wp-content\/uploads\/2021\/03\/Biological-Wastewater-treatment_2.jpg","type":"image\/jpeg"}],"twitter_card":"summary_large_image","twitter_misc":{"Tahmini okuma s\u00fcresi":"3 dakika"},"schema":{"@context":"https:\/\/schema.org","@graph":[{"@type":"WebPage","@id":"https:\/\/www.ahiberg.com\/why-us\/","url":"https:\/\/www.ahiberg.com\/why-us\/","name":"Neden Biz | Ahiberg","isPartOf":{"@id":"https:\/\/www.ahiberg.com\/#website"},"primaryImageOfPage":{"@id":"https:\/\/www.ahiberg.com\/why-us\/#primaryimage"},"image":{"@id":"https:\/\/www.ahiberg.com\/why-us\/#primaryimage"},"thumbnailUrl":"https:\/\/www.ahiberg.com\/wp-content\/uploads\/2021\/03\/Biological-Wastewater-treatment_2.jpg","datePublished":"2021-03-13T09:11:07+00:00","dateModified":"2021-04-10T16:05:17+00:00","breadcrumb":{"@id":"https:\/\/www.ahiberg.com\/why-us\/#breadcrumb"},"inLanguage":"tr","potentialAction":[{"@type":"ReadAction","target":["https:\/\/www.ahiberg.com\/why-us\/"]}]},{"@type":"ImageObject","inLanguage":"tr","@id":"https:\/\/www.ahiberg.com\/why-us\/#primaryimage","url":"https:\/\/www.ahiberg.com\/wp-content\/uploads\/2021\/03\/Biological-Wastewater-treatment_2.jpg","contentUrl":"https:\/\/www.ahiberg.com\/wp-content\/uploads\/2021\/03\/Biological-Wastewater-treatment_2.jpg","width":1200,"height":392},{"@type":"BreadcrumbList","@id":"https:\/\/www.ahiberg.com\/why-us\/#breadcrumb","itemListElement":[{"@type":"ListItem","position":1,"name":"Home","item":"https:\/\/www.ahiberg.com\/"},{"@type":"ListItem","position":2,"name":"Why Us"}]},{"@type":"WebSite","@id":"https:\/\/www.ahiberg.com\/#website","url":"https:\/\/www.ahiberg.com\/","name":"Ahiberg","description":"Wastewater Treatment  Equipments","publisher":{"@id":"https:\/\/www.ahiberg.com\/#organization"},"potentialAction":[{"@type":"SearchAction","target":{"@type":"EntryPoint","urlTemplate":"https:\/\/www.ahiberg.com\/?s={search_term_string}"},"query-input":{"@type":"PropertyValueSpecification","valueRequired":true,"valueName":"search_term_string"}}],"inLanguage":"tr"},{"@type":"Organization","@id":"https:\/\/www.ahiberg.com\/#organization","name":"Ahiberg","url":"https:\/\/www.ahiberg.com\/","logo":{"@type":"ImageObject","inLanguage":"tr","@id":"https:\/\/www.ahiberg.com\/#\/schema\/logo\/image\/","url":"https:\/\/www.ahiberg.com\/wp-content\/uploads\/2021\/03\/ahiberg_logo_latest_3.png","contentUrl":"https:\/\/www.ahiberg.com\/wp-content\/uploads\/2021\/03\/ahiberg_logo_latest_3.png","width":180,"height":36,"caption":"Ahiberg"},"image":{"@id":"https:\/\/www.ahiberg.com\/#\/schema\/logo\/image\/"}}]}},"_links":{"self":[{"href":"https:\/\/www.ahiberg.com\/tr\/wp-json\/wp\/v2\/pages\/210","targetHints":{"allow":["GET"]}}],"collection":[{"href":"https:\/\/www.ahiberg.com\/tr\/wp-json\/wp\/v2\/pages"}],"about":[{"href":"https:\/\/www.ahiberg.com\/tr\/wp-json\/wp\/v2\/types\/page"}],"author":[{"embeddable":true,"href":"https:\/\/www.ahiberg.com\/tr\/wp-json\/wp\/v2\/users\/1"}],"replies":[{"embeddable":true,"href":"https:\/\/www.ahiberg.com\/tr\/wp-json\/wp\/v2\/comments?post=210"}],"version-history":[{"count":2,"href":"https:\/\/www.ahiberg.com\/tr\/wp-json\/wp\/v2\/pages\/210\/revisions"}],"predecessor-version":[{"id":1330,"href":"https:\/\/www.ahiberg.com\/tr\/wp-json\/wp\/v2\/pages\/210\/revisions\/1330"}],"wp:featuredmedia":[{"embeddable":true,"href":"https:\/\/www.ahiberg.com\/tr\/wp-json\/wp\/v2\/media\/591"}],"wp:attachment":[{"href":"https:\/\/www.ahiberg.com\/tr\/wp-json\/wp\/v2\/media?parent=210"}],"curies":[{"name":"wp","href":"https:\/\/api.w.org\/{rel}","templated":true}]}}