{"id":40,"date":"2021-02-19T20:03:53","date_gmt":"2021-02-19T20:03:53","guid":{"rendered":"https:\/\/www.ahiberg.com\/?page_id=40"},"modified":"2022-01-05T10:38:38","modified_gmt":"2022-01-05T10:38:38","slug":"about-ahiberg","status":"publish","type":"page","link":"https:\/\/www.ahiberg.com\/tr\/ahiberg-hakkinda\/","title":{"rendered":"Ahiberg Hakk\u0131nda"},"content":{"rendered":"<div style=\"height:21px\" aria-hidden=\"true\" class=\"wp-block-spacer\"><\/div>\n\n\n\n<h1 class=\"block-paddings wp-block-heading\">Ahiberg At\u0131ksu Ar\u0131tma Tesis ve Ekipmanlar\u0131<\/h1>\n\n\n\n<p class=\"block-paddings\" style=\"font-size:17px\">Firmam\u0131z evsel ve end\u00fcstriyel at\u0131k su ar\u0131tma tesisleri kurulum ve ekipmanlar\u0131nda uzmanla\u015fm\u0131\u015f bir grup m\u00fchendis ve bilim insan\u0131 taraf\u0131ndan kurulmu\u015ftur. Ahiberg olarak, \u00f6zellikle \u00e7evre koruma alan\u0131nda m\u00fcmk\u00fcn olabilenin s\u0131n\u0131rlar\u0131n\u0131 yeniden tan\u0131mlamak i\u00e7in her g\u00fcn kendimize meydan okuyoruz.&nbsp;<\/p>\n\n\n\n<p class=\"block-paddings translation-block\" style=\"font-size:17px\"><strong>Vizyonumuz<\/strong>, at\u0131k su ekipmanlar\u0131 ile ilgili T\u00fcrkiye\u2019nin k\u00fcresel zincirdeki rekabet\u00e7i yap\u0131s\u0131n\u0131n \u00f6ne \u00e7\u0131kmas\u0131n\u0131 sa\u011flamak; kazan-kazan temelli yerel ve k\u00fcresel m\u00fc\u015fteriler i\u00e7in at\u0131k su ar\u0131tma, biyolojik at\u0131k su ar\u0131tma ve end\u00fcstriyel at\u0131k su ar\u0131tma tesislerinin t\u00fcm bile\u015fenlerini i\u00e7eren do\u011frudan, h\u0131zl\u0131, basit ve eri\u015filebilir \u00e7\u00f6z\u00fcmler sunan \u00f6nde gelen de\u011ferlerden biri olmakt\u0131r.<\/p>\n\n\n\n<div class=\"wp-block-columns block-paddings is-layout-flex wp-container-core-columns-is-layout-9d6595d7 wp-block-columns-is-layout-flex\">\n<div class=\"wp-block-column cat3 is-layout-flow wp-block-column-is-layout-flow\">\n<h3 class=\"has-text-align-left wp-block-heading\">Faaliyet Alanlar\u0131m\u0131z<\/h3>\n\n\n\n<ul class=\"wp-block-list\"><li>Evsel At\u0131ksu Ar\u0131tma Tesisleri<\/li><li>End\u00fcstriyel At\u0131ksu Ar\u0131tma Tesisleri<\/li><li>Ends\u00fctriyel Filtreleme Sistemleri<\/li><li>Ultrafiltrasyon ve Mikrofiltrasyon<\/li><li>At\u0131k Su Geri D\u00f6n\u00fc\u015f\u00fcm\u00fc<\/li><li>Kald\u0131rma \u0130stasyonu<\/li><li>Su Tedari\u011fi<\/li><li>\u00c7amur Susuzla\u015ft\u0131rma Sistemleri<\/li><li>\u0130yon De\u011fi\u015fimi Yumu\u015fatma<\/li><li>\u00d6zel Sedimantasyon S\u00fcre\u00e7leri<\/li><\/ul>\n<\/div>\n\n\n\n<div class=\"wp-block-column cat3 is-layout-flow wp-block-column-is-layout-flow\">\n<h3 class=\"has-text-align-left wp-block-heading\">End\u00fcstriyel At\u0131ksu Ar\u0131tma<\/h3>\n\n\n\n<ul class=\"wp-block-list\"><li>Tekstil End\u00fcstrisi<\/li><li>S\u00fct End\u00fcstrisi<\/li><li>G\u0131da End\u00fcstrisi<\/li><li>Y\u00fcksek Ya\u011f-Gress \u0130\u00e7erikli At\u0131ksular<\/li><li>Petrokimya Tesisleri<\/li><li>Mermer At\u0131ksu Ar\u0131tma Tesisleri<\/li><li>Sel\u00fcloz ve Ka\u011f\u0131t Fabrikalar\u0131<\/li><li>Metal End\u00fcstrileri<\/li><li>\u0130la\u00e7 End\u00fcstrisi<\/li><li>Madenler<\/li><\/ul>\n<\/div>\n<\/div>\n\n\n\n<div class=\"wp-block-cover has-background-dim-60 has-background-dim\" style=\"min-height:242px;aspect-ratio:unset;\"><img loading=\"lazy\" decoding=\"async\" width=\"900\" height=\"264\" class=\"wp-block-cover__image-background wp-image-277\" alt=\"\" src=\"https:\/\/www.ahiberg.com\/wp-content\/uploads\/2021\/03\/atiksu_aritma_tesisleri_3.jpg\" data-object-fit=\"cover\" srcset=\"https:\/\/www.ahiberg.com\/wp-content\/uploads\/2021\/03\/atiksu_aritma_tesisleri_3.jpg 900w, https:\/\/www.ahiberg.com\/wp-content\/uploads\/2021\/03\/atiksu_aritma_tesisleri_3-300x88.jpg 300w, https:\/\/www.ahiberg.com\/wp-content\/uploads\/2021\/03\/atiksu_aritma_tesisleri_3-768x225.jpg 768w\" sizes=\"auto, (max-width: 900px) 100vw, 900px\" \/><div class=\"wp-block-cover__inner-container is-layout-flow wp-block-cover-is-layout-flow\">\n<h2 class=\"has-text-align-center has-text-color wp-block-heading\" style=\"color:#93c1c8\">&#8216;<strong>'Su' hayat\u0131n kendisidir.<\/strong><\/h2>\n\n\n\n<h5 class=\"has-text-align-center has-text-color wp-block-heading translation-block\" style=\"color:#d6edf3;font-size:18px\">O halde At\u0131ksu Ar\u0131tma D\u00f6n\u00fc\u015f\u00fcm\u00fc s\u00fcrd\u00fcr\u00fclebilir ekosistemler i\u00e7in hayati \u00f6neme sahiptir.<\/h5>\n<\/div><\/div>\n\n\n\n<div class=\"wp-block-group alignfull more-borders has-background\" style=\"background-color:#f9fdfd\"><div class=\"wp-block-group__inner-container is-layout-flow wp-block-group-is-layout-flow\">\n<h2 class=\"has-text-align-center section-title2 wp-block-heading\">\u0130lgili Sayfalar<\/h2>\n\n\n\n<p class=\"has-text-align-center translation-block\" style=\"font-size:17px\"><a href=\"https:\/\/www.ahiberg.com\/why-us\/\" target=\"_self\"><strong>Neden Biz<\/strong><\/a> sayfam\u0131zdan daha detayl\u0131 bilgi edinebilir ya da <strong><a href=\"https:\/\/www.ahiberg.com\/references\/\" target=\"_self\">Referanslar<\/a><\/strong> sayfam\u0131zdan daha \u00f6nce yapm\u0131\u015f oldu\u011fumuz baz\u0131 i\u015flere g\u00f6z atabilirsiniz. Bizimle <a href=\"https:\/\/www.ahiberg.com\/contact\/\" target=\"_self\"><strong>\u0130leti\u015fim<\/strong><\/a> sayfas\u0131 \u00fczerinden ba\u011flant\u0131 kurabilirsiniz.<\/p>\n\n\n\n\n <div class=\"cat\">\n\n\t       \t\t<div class=\"cat1\">\t\t\t\t\t<div class=\"cat-icon\"><div class=\"cat-icon-wrap\">\n                                    \n                                    <a href=\"https:\/\/www.ahiberg.com\/tr\/neden-ahiberg\/\" >\n\t\t\t<a class=\"post-thumbnail\" href=\"https:\/\/www.ahiberg.com\/tr\/neden-ahiberg\/\" aria-hidden=\"true\" tabindex=\"-1\">\n\t\t\t\t<img loading=\"lazy\" decoding=\"async\" width=\"85\" height=\"85\" src=\"https:\/\/www.ahiberg.com\/wp-content\/uploads\/2021\/03\/Biological-Wastewater-treatment_2-85x85.jpg\" class=\"attachment-y-z-square-thumbnail-ust size-y-z-square-thumbnail-ust wp-post-image\" alt=\"Neden Biz\" srcset=\"https:\/\/www.ahiberg.com\/wp-content\/uploads\/2021\/03\/Biological-Wastewater-treatment_2-85x85.jpg 85w, https:\/\/www.ahiberg.com\/wp-content\/uploads\/2021\/03\/Biological-Wastewater-treatment_2-150x150.jpg 150w, https:\/\/www.ahiberg.com\/wp-content\/uploads\/2021\/03\/Biological-Wastewater-treatment_2-200x200.jpg 200w\" sizes=\"auto, (max-width: 85px) 100vw, 85px\" \/>\t\t\t<\/a>\n\t\t\t<\/a>\n                                    \n                                    <\/div><\/div>\n\t\t\t\t\t\t\t\t<div class=\"cat2\">\n\t\t\t\t\t\t\t\t\t<h2><a href=\"https:\/\/www.ahiberg.com\/tr\/neden-ahiberg\/\">Neden Biz<\/a><\/h2>\n\t\t\t\t\t\t\t\t\t<p>G\u00fcvenilir i\u015f anlay\u0131\u015f\u0131n\u0131 yayg\u0131nla\u015ft\u0131rmay\u0131 ama\u00e7layan ilkelerimiz hukuka uygunluk, \u00e7evresel olma, teknik ve ticari sa\u011flam olmak \u00fczere \u00fc\u00e7 temel s\u00fctun \u00fczerine dayanmaktad\u0131r.<\/p>\n                                    <div class=\"read-more1\">\n\t\t\t\t\t\t\t\t\t\t\t<a href=\"https:\/\/www.ahiberg.com\/tr\/neden-ahiberg\/\" class=\"btn btn-primary\">Detaylar<\/a>\n\t\t\t\t\t\t\t\t\t\t<\/div><!-- .read-more -->\n\t\t\t\t\t\t\t\t<\/div>\n                            <\/div>    \n    \n          \t\t<div class=\"cat1\">\t\t\t\t\t<div class=\"cat-icon\"><div class=\"cat-icon-wrap\">\n                                    \n                                    <a href=\"https:\/\/www.ahiberg.com\/tr\/iletisim\/\" >\n\t\t\t<a class=\"post-thumbnail\" href=\"https:\/\/www.ahiberg.com\/tr\/iletisim\/\" aria-hidden=\"true\" tabindex=\"-1\">\n\t\t\t\t<img loading=\"lazy\" decoding=\"async\" width=\"85\" height=\"85\" src=\"https:\/\/www.ahiberg.com\/wp-content\/uploads\/2021\/03\/contact_us_2-85x85.jpg\" class=\"attachment-y-z-square-thumbnail-ust size-y-z-square-thumbnail-ust wp-post-image\" alt=\"\u0130leti\u015fim\" srcset=\"https:\/\/www.ahiberg.com\/wp-content\/uploads\/2021\/03\/contact_us_2-85x85.jpg 85w, https:\/\/www.ahiberg.com\/wp-content\/uploads\/2021\/03\/contact_us_2-150x150.jpg 150w, https:\/\/www.ahiberg.com\/wp-content\/uploads\/2021\/03\/contact_us_2-200x200.jpg 200w\" sizes=\"auto, (max-width: 85px) 100vw, 85px\" \/>\t\t\t<\/a>\n\t\t\t<\/a>\n                                    \n                                    <\/div><\/div>\n\t\t\t\t\t\t\t\t<div class=\"cat2\">\n\t\t\t\t\t\t\t\t\t<h2><a href=\"https:\/\/www.ahiberg.com\/tr\/iletisim\/\">\u0130leti\u015fim<\/a><\/h2>\n\t\t\t\t\t\t\t\t\t<p>Bizlere bu ileti\u015fim sayfas\u0131 arac\u0131l\u0131\u011f\u0131yla anl\u0131k g\u00f6nderim formu \u00fczerinden ya da ayr\u0131nt\u0131l\u0131 ileti\u015fim detaylar\u0131ndan ula\u015fabilirsiniz.<\/p>\n                                    <div class=\"read-more1\">\n\t\t\t\t\t\t\t\t\t\t\t<a href=\"https:\/\/www.ahiberg.com\/tr\/iletisim\/\" class=\"btn btn-primary\">Detaylar<\/a>\n\t\t\t\t\t\t\t\t\t\t<\/div><!-- .read-more -->\n\t\t\t\t\t\t\t\t<\/div>\n                            <\/div>    \n    \n    \t\t\t\t\t\t\t\n<\/div>\n\n<\/div><\/div>","protected":false},"excerpt":{"rendered":"<p>Ahiberg At\u0131k Su Ar\u0131tma, evsel ve end\u00fcstriyel at\u0131k su ar\u0131tma tesisleri kurulum ve ekipmanlar\u0131nda uzmanla\u015fm\u0131\u015f bir grup m\u00fchendis ve bilim insan\u0131 taraf\u0131ndan kurulmu\u015ftur. <\/p>","protected":false},"author":1,"featured_media":1354,"parent":0,"menu_order":0,"comment_status":"closed","ping_status":"closed","template":"full-width.php","meta":{"pgc_sgb_lightbox_settings":"","footnotes":""},"class_list":["post-40","page","type-page","status-publish","has-post-thumbnail","hentry"],"yoast_head":"<!-- This site is optimized with the Yoast SEO plugin v26.7 - https:\/\/yoast.com\/wordpress\/plugins\/seo\/ -->\n<title>About Ahiberg | Ahiberg<\/title>\n<meta name=\"description\" content=\"Our company was founded by a group of engineers and scientists who specialized in domestic and industrial wastewater treatment plants. We, Ahiberg, challenge ourselves every day to redefine the limits of what is possible.\" \/>\n<meta name=\"robots\" content=\"index, follow, max-snippet:-1, max-image-preview:large, max-video-preview:-1\" \/>\n<link rel=\"canonical\" href=\"https:\/\/www.ahiberg.com\/tr\/ahiberg-hakkinda\/\" \/>\n<meta property=\"og:locale\" content=\"tr_TR\" \/>\n<meta property=\"og:type\" content=\"article\" \/>\n<meta property=\"og:title\" content=\"About Ahiberg | Ahiberg\" \/>\n<meta property=\"og:description\" content=\"Our company was founded by a group of engineers and scientists who specialized in domestic and industrial wastewater treatment plants. We, Ahiberg, challenge ourselves every day to redefine the limits of what is possible.\" \/>\n<meta property=\"og:url\" content=\"https:\/\/www.ahiberg.com\/tr\/ahiberg-hakkinda\/\" \/>\n<meta property=\"og:site_name\" content=\"Ahiberg\" \/>\n<meta property=\"article:modified_time\" content=\"2022-01-05T10:38:38+00:00\" \/>\n<meta property=\"og:image\" content=\"https:\/\/www.ahiberg.com\/wp-content\/uploads\/2022\/01\/ahiberg_watewater_treatment_equipment.jpeg\" \/>\n\t<meta property=\"og:image:width\" content=\"1600\" \/>\n\t<meta property=\"og:image:height\" content=\"1200\" \/>\n\t<meta property=\"og:image:type\" content=\"image\/jpeg\" \/>\n<meta name=\"twitter:card\" content=\"summary_large_image\" \/>\n<meta name=\"twitter:label1\" content=\"Tahmini okuma s\u00fcresi\" \/>\n\t<meta name=\"twitter:data1\" content=\"2 dakika\" \/>\n<script type=\"application\/ld+json\" class=\"yoast-schema-graph\">{\"@context\":\"https:\/\/schema.org\",\"@graph\":[{\"@type\":\"WebPage\",\"@id\":\"https:\/\/www.ahiberg.com\/tr\/ahiberg-hakkinda\/\",\"url\":\"https:\/\/www.ahiberg.com\/tr\/ahiberg-hakkinda\/\",\"name\":\"About Ahiberg | Ahiberg\",\"isPartOf\":{\"@id\":\"https:\/\/www.ahiberg.com\/#website\"},\"primaryImageOfPage\":{\"@id\":\"https:\/\/www.ahiberg.com\/tr\/ahiberg-hakkinda\/#primaryimage\"},\"image\":{\"@id\":\"https:\/\/www.ahiberg.com\/tr\/ahiberg-hakkinda\/#primaryimage\"},\"thumbnailUrl\":\"https:\/\/www.ahiberg.com\/wp-content\/uploads\/2022\/01\/ahiberg_watewater_treatment_equipment.jpeg\",\"datePublished\":\"2021-02-19T20:03:53+00:00\",\"dateModified\":\"2022-01-05T10:38:38+00:00\",\"description\":\"Our company was founded by a group of engineers and scientists who specialized in domestic and industrial wastewater treatment plants. We, Ahiberg, challenge ourselves every day to redefine the limits of what is possible.\",\"breadcrumb\":{\"@id\":\"https:\/\/www.ahiberg.com\/tr\/ahiberg-hakkinda\/#breadcrumb\"},\"inLanguage\":\"tr\",\"potentialAction\":[{\"@type\":\"ReadAction\",\"target\":[\"https:\/\/www.ahiberg.com\/tr\/ahiberg-hakkinda\/\"]}]},{\"@type\":\"ImageObject\",\"inLanguage\":\"tr\",\"@id\":\"https:\/\/www.ahiberg.com\/tr\/ahiberg-hakkinda\/#primaryimage\",\"url\":\"https:\/\/www.ahiberg.com\/wp-content\/uploads\/2022\/01\/ahiberg_watewater_treatment_equipment.jpeg\",\"contentUrl\":\"https:\/\/www.ahiberg.com\/wp-content\/uploads\/2022\/01\/ahiberg_watewater_treatment_equipment.jpeg\",\"width\":1600,\"height\":1200},{\"@type\":\"BreadcrumbList\",\"@id\":\"https:\/\/www.ahiberg.com\/tr\/ahiberg-hakkinda\/#breadcrumb\",\"itemListElement\":[{\"@type\":\"ListItem\",\"position\":1,\"name\":\"Home\",\"item\":\"https:\/\/www.ahiberg.com\/\"},{\"@type\":\"ListItem\",\"position\":2,\"name\":\"About Ahiberg\"}]},{\"@type\":\"WebSite\",\"@id\":\"https:\/\/www.ahiberg.com\/#website\",\"url\":\"https:\/\/www.ahiberg.com\/\",\"name\":\"Ahiberg\",\"description\":\"Wastewater Treatment  Equipments\",\"publisher\":{\"@id\":\"https:\/\/www.ahiberg.com\/#organization\"},\"potentialAction\":[{\"@type\":\"SearchAction\",\"target\":{\"@type\":\"EntryPoint\",\"urlTemplate\":\"https:\/\/www.ahiberg.com\/?s={search_term_string}\"},\"query-input\":{\"@type\":\"PropertyValueSpecification\",\"valueRequired\":true,\"valueName\":\"search_term_string\"}}],\"inLanguage\":\"tr\"},{\"@type\":\"Organization\",\"@id\":\"https:\/\/www.ahiberg.com\/#organization\",\"name\":\"Ahiberg\",\"url\":\"https:\/\/www.ahiberg.com\/\",\"logo\":{\"@type\":\"ImageObject\",\"inLanguage\":\"tr\",\"@id\":\"https:\/\/www.ahiberg.com\/#\/schema\/logo\/image\/\",\"url\":\"https:\/\/www.ahiberg.com\/wp-content\/uploads\/2021\/03\/ahiberg_logo_latest_3.png\",\"contentUrl\":\"https:\/\/www.ahiberg.com\/wp-content\/uploads\/2021\/03\/ahiberg_logo_latest_3.png\",\"width\":180,\"height\":36,\"caption\":\"Ahiberg\"},\"image\":{\"@id\":\"https:\/\/www.ahiberg.com\/#\/schema\/logo\/image\/\"}}]}<\/script>\n<!-- \/ Yoast SEO plugin. -->","yoast_head_json":{"title":"Ahiberg Hakk\u0131nda | Ahiberg","description":"Firmam\u0131z evsel ve end\u00fcstriyel at\u0131k su ar\u0131tma tesisleri kurulum ve ekipmanlar\u0131nda uzmanla\u015fm\u0131\u015f bir grup m\u00fchendis ve bilim insan\u0131 taraf\u0131ndan kurulmu\u015ftur. Ahiberg olarak, \u00f6zellikle \u00e7evre koruma alannda m\u00fcmk\u00fcn olabilenin s\u0131n\u0131rlar\u0131n\u0131 yeniden tan\u0131mlamak i\u00e7in her g\u00fcn kendimize meydan okuyoruz.","robots":{"index":"index","follow":"follow","max-snippet":"max-snippet:-1","max-image-preview":"max-image-preview:large","max-video-preview":"max-video-preview:-1"},"canonical":"https:\/\/www.ahiberg.com\/tr\/ahiberg-hakkinda\/","og_locale":"tr_TR","og_type":"article","og_title":"About Ahiberg | Ahiberg","og_description":"Our company was founded by a group of engineers and scientists who specialized in domestic and industrial wastewater treatment plants. We, Ahiberg, challenge ourselves every day to redefine the limits of what is possible.","og_url":"https:\/\/www.ahiberg.com\/tr\/ahiberg-hakkinda\/","og_site_name":"Ahiberg","article_modified_time":"2022-01-05T10:38:38+00:00","og_image":[{"width":1600,"height":1200,"url":"https:\/\/www.ahiberg.com\/wp-content\/uploads\/2022\/01\/ahiberg_watewater_treatment_equipment.jpeg","type":"image\/jpeg"}],"twitter_card":"summary_large_image","twitter_misc":{"Tahmini okuma s\u00fcresi":"2 dakika"},"schema":{"@context":"https:\/\/schema.org","@graph":[{"@type":"WebPage","@id":"https:\/\/www.ahiberg.com\/tr\/ahiberg-hakkinda\/","url":"https:\/\/www.ahiberg.com\/tr\/ahiberg-hakkinda\/","name":"Ahiberg Hakk\u0131nda | Ahiberg","isPartOf":{"@id":"https:\/\/www.ahiberg.com\/#website"},"primaryImageOfPage":{"@id":"https:\/\/www.ahiberg.com\/tr\/ahiberg-hakkinda\/#primaryimage"},"image":{"@id":"https:\/\/www.ahiberg.com\/tr\/ahiberg-hakkinda\/#primaryimage"},"thumbnailUrl":"https:\/\/www.ahiberg.com\/wp-content\/uploads\/2022\/01\/ahiberg_watewater_treatment_equipment.jpeg","datePublished":"2021-02-19T20:03:53+00:00","dateModified":"2022-01-05T10:38:38+00:00","description":"Firmam\u0131z evsel ve end\u00fcstriyel at\u0131k su ar\u0131tma tesisleri kurulum ve ekipmanlar\u0131nda uzmanla\u015fm\u0131\u015f bir grup m\u00fchendis ve bilim insan\u0131 taraf\u0131ndan kurulmu\u015ftur. Ahiberg olarak, \u00f6zellikle \u00e7evre koruma alannda m\u00fcmk\u00fcn olabilenin s\u0131n\u0131rlar\u0131n\u0131 yeniden tan\u0131mlamak i\u00e7in her g\u00fcn kendimize meydan okuyoruz.","breadcrumb":{"@id":"https:\/\/www.ahiberg.com\/tr\/ahiberg-hakkinda\/#breadcrumb"},"inLanguage":"tr","potentialAction":[{"@type":"ReadAction","target":["https:\/\/www.ahiberg.com\/tr\/ahiberg-hakkinda\/"]}]},{"@type":"ImageObject","inLanguage":"tr","@id":"https:\/\/www.ahiberg.com\/tr\/ahiberg-hakkinda\/#primaryimage","url":"https:\/\/www.ahiberg.com\/wp-content\/uploads\/2022\/01\/ahiberg_watewater_treatment_equipment.jpeg","contentUrl":"https:\/\/www.ahiberg.com\/wp-content\/uploads\/2022\/01\/ahiberg_watewater_treatment_equipment.jpeg","width":1600,"height":1200},{"@type":"BreadcrumbList","@id":"https:\/\/www.ahiberg.com\/tr\/ahiberg-hakkinda\/#breadcrumb","itemListElement":[{"@type":"ListItem","position":1,"name":"Home","item":"https:\/\/www.ahiberg.com\/"},{"@type":"ListItem","position":2,"name":"About Ahiberg"}]},{"@type":"WebSite","@id":"https:\/\/www.ahiberg.com\/#website","url":"https:\/\/www.ahiberg.com\/","name":"Ahiberg","description":"Wastewater Treatment  Equipments","publisher":{"@id":"https:\/\/www.ahiberg.com\/#organization"},"potentialAction":[{"@type":"SearchAction","target":{"@type":"EntryPoint","urlTemplate":"https:\/\/www.ahiberg.com\/?s={search_term_string}"},"query-input":{"@type":"PropertyValueSpecification","valueRequired":true,"valueName":"search_term_string"}}],"inLanguage":"tr"},{"@type":"Organization","@id":"https:\/\/www.ahiberg.com\/#organization","name":"Ahiberg","url":"https:\/\/www.ahiberg.com\/","logo":{"@type":"ImageObject","inLanguage":"tr","@id":"https:\/\/www.ahiberg.com\/#\/schema\/logo\/image\/","url":"https:\/\/www.ahiberg.com\/wp-content\/uploads\/2021\/03\/ahiberg_logo_latest_3.png","contentUrl":"https:\/\/www.ahiberg.com\/wp-content\/uploads\/2021\/03\/ahiberg_logo_latest_3.png","width":180,"height":36,"caption":"Ahiberg"},"image":{"@id":"https:\/\/www.ahiberg.com\/#\/schema\/logo\/image\/"}}]}},"_links":{"self":[{"href":"https:\/\/www.ahiberg.com\/tr\/wp-json\/wp\/v2\/pages\/40","targetHints":{"allow":["GET"]}}],"collection":[{"href":"https:\/\/www.ahiberg.com\/tr\/wp-json\/wp\/v2\/pages"}],"about":[{"href":"https:\/\/www.ahiberg.com\/tr\/wp-json\/wp\/v2\/types\/page"}],"author":[{"embeddable":true,"href":"https:\/\/www.ahiberg.com\/tr\/wp-json\/wp\/v2\/users\/1"}],"replies":[{"embeddable":true,"href":"https:\/\/www.ahiberg.com\/tr\/wp-json\/wp\/v2\/comments?post=40"}],"version-history":[{"count":2,"href":"https:\/\/www.ahiberg.com\/tr\/wp-json\/wp\/v2\/pages\/40\/revisions"}],"predecessor-version":[{"id":1355,"href":"https:\/\/www.ahiberg.com\/tr\/wp-json\/wp\/v2\/pages\/40\/revisions\/1355"}],"wp:featuredmedia":[{"embeddable":true,"href":"https:\/\/www.ahiberg.com\/tr\/wp-json\/wp\/v2\/media\/1354"}],"wp:attachment":[{"href":"https:\/\/www.ahiberg.com\/tr\/wp-json\/wp\/v2\/media?parent=40"}],"curies":[{"name":"wp","href":"https:\/\/api.w.org\/{rel}","templated":true}]}}