{"id":59,"date":"2021-02-19T20:19:41","date_gmt":"2021-02-19T20:19:41","guid":{"rendered":"https:\/\/www.ahiberg.com\/?page_id=59"},"modified":"2021-03-18T08:18:36","modified_gmt":"2021-03-18T08:18:36","slug":"contact","status":"publish","type":"page","link":"https:\/\/www.ahiberg.com\/tr\/iletisim\/","title":{"rendered":"\u0130leti\u015fim"},"content":{"rendered":"<h2 class=\"has-text-align-center wp-block-heading\">Bize Ula\u015f\u0131n<\/h2>\n\n\n\n<h4 class=\"has-text-align-left wp-block-heading\">Bizlere bu form arac\u0131l\u0131\u011f\u0131yla ya da a\u015fa\u011f\u0131daki ileti\u015fim bilgilerinden do\u011frudan ula\u015fabilirsiniz.<\/h4>\n\n\n\n<h5 class=\"wp-block-heading\">T\u00fcm alanlar\u0131n doldurulmas\u0131 gerekmektedir.<\/h5>\n\n\n\n<div class=\"wp-block-contact-form-7-contact-form-selector\">\n<div class=\"wpcf7 no-js\" id=\"wpcf7-f204-o1\" lang=\"en-US\" dir=\"ltr\" data-wpcf7-id=\"204\">\n<div class=\"screen-reader-response\"><p role=\"status\" aria-live=\"polite\" aria-atomic=\"true\"><\/p> <ul><\/ul><\/div>\n<form action=\"\/tr\/wp-json\/wp\/v2\/pages\/59#wpcf7-f204-o1\" method=\"post\" class=\"wpcf7-form init\" aria-label=\"Contact form\" novalidate=\"novalidate\" data-status=\"init\" data-trp-original-action=\"\/tr\/wp-json\/wp\/v2\/pages\/59#wpcf7-f204-o1\">\n<fieldset class=\"hidden-fields-container\"><input type=\"hidden\" name=\"_wpcf7\" value=\"204\" \/><input type=\"hidden\" name=\"_wpcf7_version\" value=\"6.1.4\" \/><input type=\"hidden\" name=\"_wpcf7_locale\" value=\"en_US\" \/><input type=\"hidden\" name=\"_wpcf7_unit_tag\" value=\"wpcf7-f204-o1\" \/><input type=\"hidden\" name=\"_wpcf7_container_post\" value=\"0\" \/><input type=\"hidden\" name=\"_wpcf7_posted_data_hash\" value=\"\" \/>\n<\/fieldset>\n<p><label> Ad\u0131n\u0131z<br \/>\n<span class=\"wpcf7-form-control-wrap\" data-name=\"your-name\"><input size=\"40\" maxlength=\"400\" class=\"wpcf7-form-control wpcf7-text wpcf7-validates-as-required\" aria-required=\"true\" aria-invalid=\"false\" value=\"\" type=\"text\" name=\"your-name\" \/><\/span> <\/label>\n<\/p>\n<p><label> E-posta Adresiniz<br \/>\n<span class=\"wpcf7-form-control-wrap\" data-name=\"your-email\"><input size=\"40\" maxlength=\"400\" class=\"wpcf7-form-control wpcf7-email wpcf7-validates-as-required wpcf7-text wpcf7-validates-as-email\" aria-required=\"true\" aria-invalid=\"false\" value=\"\" type=\"email\" name=\"your-email\" \/><\/span> <\/label>\n<\/p>\n<p><label> Konu<br \/>\n<span class=\"wpcf7-form-control-wrap\" data-name=\"your-subject\"><input size=\"40\" maxlength=\"400\" class=\"wpcf7-form-control wpcf7-text wpcf7-validates-as-required\" aria-required=\"true\" aria-invalid=\"false\" value=\"\" type=\"text\" name=\"your-subject\" \/><\/span> <\/label>\n<\/p>\n<p><label> Mesaj\u0131n\u0131z<br \/>\n<span class=\"wpcf7-form-control-wrap\" data-name=\"your-message\"><textarea cols=\"40\" rows=\"10\" maxlength=\"2000\" class=\"wpcf7-form-control wpcf7-textarea wpcf7-validates-as-required\" aria-required=\"true\" aria-invalid=\"false\" name=\"your-message\"><\/textarea><\/span> <\/label>\n<\/p>\n<p><input class=\"wpcf7-form-control wpcf7-submit has-spinner\" type=\"submit\" value=\"G\u00f6nder\" \/>\n<\/p><div class=\"wpcf7-response-output\" aria-hidden=\"true\"><\/div>\n<input type=\"hidden\" name=\"trp-form-language\" value=\"tr\"\/><\/form>\n<\/div>\n<\/div>","protected":false},"excerpt":{"rendered":"<p>Bizlere bu ileti\u015fim sayfas\u0131 arac\u0131l\u0131\u011f\u0131yla anl\u0131k g\u00f6nderim formu \u00fczerinden ya da ayr\u0131nt\u0131l\u0131 ileti\u015fim detaylar\u0131ndan ula\u015fabilirsiniz.<\/p>","protected":false},"author":1,"featured_media":234,"parent":0,"menu_order":0,"comment_status":"closed","ping_status":"closed","template":"","meta":{"pgc_sgb_lightbox_settings":"","footnotes":""},"class_list":["post-59","page","type-page","status-publish","has-post-thumbnail","hentry"],"yoast_head":"<!-- This site is optimized with the Yoast SEO plugin v26.7 - https:\/\/yoast.com\/wordpress\/plugins\/seo\/ -->\n<title>Contact | Ahiberg<\/title>\n<meta name=\"robots\" content=\"index, follow, max-snippet:-1, max-image-preview:large, max-video-preview:-1\" \/>\n<link rel=\"canonical\" href=\"https:\/\/www.ahiberg.com\/tr\/contact\/\" \/>\n<meta property=\"og:locale\" content=\"tr_TR\" \/>\n<meta property=\"og:type\" content=\"article\" \/>\n<meta property=\"og:title\" content=\"Contact | Ahiberg\" \/>\n<meta property=\"og:description\" content=\"You can directly contact us via this contact page with instant deliver form or with included additional details.\" \/>\n<meta property=\"og:url\" content=\"https:\/\/www.ahiberg.com\/tr\/contact\/\" \/>\n<meta property=\"og:site_name\" content=\"Ahiberg\" \/>\n<meta property=\"article:modified_time\" content=\"2021-03-18T08:18:36+00:00\" \/>\n<meta property=\"og:image\" content=\"https:\/\/www.ahiberg.com\/wp-content\/uploads\/2021\/03\/contact_us_2.jpg\" \/>\n\t<meta property=\"og:image:width\" content=\"1031\" \/>\n\t<meta property=\"og:image:height\" content=\"350\" \/>\n\t<meta property=\"og:image:type\" content=\"image\/jpeg\" \/>\n<meta name=\"twitter:card\" content=\"summary_large_image\" \/>\n<script type=\"application\/ld+json\" class=\"yoast-schema-graph\">{\"@context\":\"https:\/\/schema.org\",\"@graph\":[{\"@type\":\"WebPage\",\"@id\":\"https:\/\/www.ahiberg.com\/contact\/\",\"url\":\"https:\/\/www.ahiberg.com\/contact\/\",\"name\":\"Contact | Ahiberg\",\"isPartOf\":{\"@id\":\"https:\/\/www.ahiberg.com\/#website\"},\"primaryImageOfPage\":{\"@id\":\"https:\/\/www.ahiberg.com\/contact\/#primaryimage\"},\"image\":{\"@id\":\"https:\/\/www.ahiberg.com\/contact\/#primaryimage\"},\"thumbnailUrl\":\"https:\/\/www.ahiberg.com\/wp-content\/uploads\/2021\/03\/contact_us_2.jpg\",\"datePublished\":\"2021-02-19T20:19:41+00:00\",\"dateModified\":\"2021-03-18T08:18:36+00:00\",\"breadcrumb\":{\"@id\":\"https:\/\/www.ahiberg.com\/contact\/#breadcrumb\"},\"inLanguage\":\"tr\",\"potentialAction\":[{\"@type\":\"ReadAction\",\"target\":[\"https:\/\/www.ahiberg.com\/contact\/\"]}]},{\"@type\":\"ImageObject\",\"inLanguage\":\"tr\",\"@id\":\"https:\/\/www.ahiberg.com\/contact\/#primaryimage\",\"url\":\"https:\/\/www.ahiberg.com\/wp-content\/uploads\/2021\/03\/contact_us_2.jpg\",\"contentUrl\":\"https:\/\/www.ahiberg.com\/wp-content\/uploads\/2021\/03\/contact_us_2.jpg\",\"width\":1031,\"height\":350},{\"@type\":\"BreadcrumbList\",\"@id\":\"https:\/\/www.ahiberg.com\/contact\/#breadcrumb\",\"itemListElement\":[{\"@type\":\"ListItem\",\"position\":1,\"name\":\"Home\",\"item\":\"https:\/\/www.ahiberg.com\/\"},{\"@type\":\"ListItem\",\"position\":2,\"name\":\"Contact\"}]},{\"@type\":\"WebSite\",\"@id\":\"https:\/\/www.ahiberg.com\/#website\",\"url\":\"https:\/\/www.ahiberg.com\/\",\"name\":\"Ahiberg\",\"description\":\"Wastewater Treatment  Equipments\",\"publisher\":{\"@id\":\"https:\/\/www.ahiberg.com\/#organization\"},\"potentialAction\":[{\"@type\":\"SearchAction\",\"target\":{\"@type\":\"EntryPoint\",\"urlTemplate\":\"https:\/\/www.ahiberg.com\/?s={search_term_string}\"},\"query-input\":{\"@type\":\"PropertyValueSpecification\",\"valueRequired\":true,\"valueName\":\"search_term_string\"}}],\"inLanguage\":\"tr\"},{\"@type\":\"Organization\",\"@id\":\"https:\/\/www.ahiberg.com\/#organization\",\"name\":\"Ahiberg\",\"url\":\"https:\/\/www.ahiberg.com\/\",\"logo\":{\"@type\":\"ImageObject\",\"inLanguage\":\"tr\",\"@id\":\"https:\/\/www.ahiberg.com\/#\/schema\/logo\/image\/\",\"url\":\"https:\/\/www.ahiberg.com\/wp-content\/uploads\/2021\/03\/ahiberg_logo_latest_3.png\",\"contentUrl\":\"https:\/\/www.ahiberg.com\/wp-content\/uploads\/2021\/03\/ahiberg_logo_latest_3.png\",\"width\":180,\"height\":36,\"caption\":\"Ahiberg\"},\"image\":{\"@id\":\"https:\/\/www.ahiberg.com\/#\/schema\/logo\/image\/\"}}]}<\/script>\n<!-- \/ Yoast SEO plugin. -->","yoast_head_json":{"title":"\u0130leti\u015fim | Ahiberg","robots":{"index":"index","follow":"follow","max-snippet":"max-snippet:-1","max-image-preview":"max-image-preview:large","max-video-preview":"max-video-preview:-1"},"canonical":"https:\/\/www.ahiberg.com\/tr\/contact\/","og_locale":"tr_TR","og_type":"article","og_title":"Contact | Ahiberg","og_description":"You can directly contact us via this contact page with instant deliver form or with included additional details.","og_url":"https:\/\/www.ahiberg.com\/tr\/contact\/","og_site_name":"Ahiberg","article_modified_time":"2021-03-18T08:18:36+00:00","og_image":[{"width":1031,"height":350,"url":"https:\/\/www.ahiberg.com\/wp-content\/uploads\/2021\/03\/contact_us_2.jpg","type":"image\/jpeg"}],"twitter_card":"summary_large_image","schema":{"@context":"https:\/\/schema.org","@graph":[{"@type":"WebPage","@id":"https:\/\/www.ahiberg.com\/contact\/","url":"https:\/\/www.ahiberg.com\/contact\/","name":"\u0130leti\u015fim | Ahiberg","isPartOf":{"@id":"https:\/\/www.ahiberg.com\/#website"},"primaryImageOfPage":{"@id":"https:\/\/www.ahiberg.com\/contact\/#primaryimage"},"image":{"@id":"https:\/\/www.ahiberg.com\/contact\/#primaryimage"},"thumbnailUrl":"https:\/\/www.ahiberg.com\/wp-content\/uploads\/2021\/03\/contact_us_2.jpg","datePublished":"2021-02-19T20:19:41+00:00","dateModified":"2021-03-18T08:18:36+00:00","breadcrumb":{"@id":"https:\/\/www.ahiberg.com\/contact\/#breadcrumb"},"inLanguage":"tr","potentialAction":[{"@type":"ReadAction","target":["https:\/\/www.ahiberg.com\/contact\/"]}]},{"@type":"ImageObject","inLanguage":"tr","@id":"https:\/\/www.ahiberg.com\/contact\/#primaryimage","url":"https:\/\/www.ahiberg.com\/wp-content\/uploads\/2021\/03\/contact_us_2.jpg","contentUrl":"https:\/\/www.ahiberg.com\/wp-content\/uploads\/2021\/03\/contact_us_2.jpg","width":1031,"height":350},{"@type":"BreadcrumbList","@id":"https:\/\/www.ahiberg.com\/contact\/#breadcrumb","itemListElement":[{"@type":"ListItem","position":1,"name":"Home","item":"https:\/\/www.ahiberg.com\/"},{"@type":"ListItem","position":2,"name":"Contact"}]},{"@type":"WebSite","@id":"https:\/\/www.ahiberg.com\/#website","url":"https:\/\/www.ahiberg.com\/","name":"Ahiberg","description":"Wastewater Treatment  Equipments","publisher":{"@id":"https:\/\/www.ahiberg.com\/#organization"},"potentialAction":[{"@type":"SearchAction","target":{"@type":"EntryPoint","urlTemplate":"https:\/\/www.ahiberg.com\/?s={search_term_string}"},"query-input":{"@type":"PropertyValueSpecification","valueRequired":true,"valueName":"search_term_string"}}],"inLanguage":"tr"},{"@type":"Organization","@id":"https:\/\/www.ahiberg.com\/#organization","name":"Ahiberg","url":"https:\/\/www.ahiberg.com\/","logo":{"@type":"ImageObject","inLanguage":"tr","@id":"https:\/\/www.ahiberg.com\/#\/schema\/logo\/image\/","url":"https:\/\/www.ahiberg.com\/wp-content\/uploads\/2021\/03\/ahiberg_logo_latest_3.png","contentUrl":"https:\/\/www.ahiberg.com\/wp-content\/uploads\/2021\/03\/ahiberg_logo_latest_3.png","width":180,"height":36,"caption":"Ahiberg"},"image":{"@id":"https:\/\/www.ahiberg.com\/#\/schema\/logo\/image\/"}}]}},"_links":{"self":[{"href":"https:\/\/www.ahiberg.com\/tr\/wp-json\/wp\/v2\/pages\/59","targetHints":{"allow":["GET"]}}],"collection":[{"href":"https:\/\/www.ahiberg.com\/tr\/wp-json\/wp\/v2\/pages"}],"about":[{"href":"https:\/\/www.ahiberg.com\/tr\/wp-json\/wp\/v2\/types\/page"}],"author":[{"embeddable":true,"href":"https:\/\/www.ahiberg.com\/tr\/wp-json\/wp\/v2\/users\/1"}],"replies":[{"embeddable":true,"href":"https:\/\/www.ahiberg.com\/tr\/wp-json\/wp\/v2\/comments?post=59"}],"version-history":[{"count":11,"href":"https:\/\/www.ahiberg.com\/tr\/wp-json\/wp\/v2\/pages\/59\/revisions"}],"predecessor-version":[{"id":655,"href":"https:\/\/www.ahiberg.com\/tr\/wp-json\/wp\/v2\/pages\/59\/revisions\/655"}],"wp:featuredmedia":[{"embeddable":true,"href":"https:\/\/www.ahiberg.com\/tr\/wp-json\/wp\/v2\/media\/234"}],"wp:attachment":[{"href":"https:\/\/www.ahiberg.com\/tr\/wp-json\/wp\/v2\/media?parent=59"}],"curies":[{"name":"wp","href":"https:\/\/api.w.org\/{rel}","templated":true}]}}